{"id":96,"date":"2015-05-01T10:16:28","date_gmt":"2015-05-01T09:16:28","guid":{"rendered":"http:\/\/golfkarkopen.be\/frans\/?page_id=96"},"modified":"2017-04-07T15:47:32","modified_gmt":"2017-04-07T14:47:32","slug":"meer-informatie","status":"publish","type":"page","link":"https:\/\/golfkarkopen.be\/frans\/meer-informatie\/","title":{"rendered":"Plus d&#8217;Informations"},"content":{"rendered":"\n<style type=\"text\/css\" data-created_by=\"avia_inline_auto\" id=\"style-css-av-av_hr-ee2847e2e025ce3d30801259a03f9fd4\">\n#top .hr.hr-invisible.av-av_hr-ee2847e2e025ce3d30801259a03f9fd4{\nheight:10px;\n}\n<\/style>\n<div  class='hr av-av_hr-ee2847e2e025ce3d30801259a03f9fd4 hr-invisible  avia-builder-el-0  el_before_av_three_fifth  avia-builder-el-first '><span class='hr-inner '><span class=\"hr-inner-style\"><\/span><\/span><\/div>\n<div  class='flex_column av-av_three_fifth-2a9015ff38129c418a3f2eafba3e9512 av_three_fifth  avia-builder-el-1  el_after_av_hr  el_before_av_two_fifth  first flex_column_div  '     ><section  class='av_textblock_section av-av_textblock-0366cc7376be6c9e82a3e9cc8987b64f '   itemscope=\"itemscope\" itemtype=\"https:\/\/schema.org\/CreativeWork\" ><div class='avia_textblock'  itemprop=\"text\" ><h1>Besoin de plus d\u2019informations<\/h1>\n<p>C\u2019est avec plaisir que nous renvoyons \u00e0 l\u2019un des plus importants fournisseurs de voiturettes de golf \u00e9lectriques, <strong>Invest-Mobile<\/strong>. Invest-Mobile est l\u2019un des principaux fournisseurs de <strong>voiturettes de golf<\/strong> autoris\u00e9es sur la voie publique au sein de l\u2019Union europ\u00e9enne.<\/p>\n<p>Leur expertise leur vient de la R.D.W. n\u00e9erlandaise , de la T.U.V. allemande, de la Inspecci\u00f3n t\u00e9cnica de veh\u00edculos espagnole et de la Div.<\/p>\n<p>Aujourd\u2019hui, il y a environ 2500 voiturettes de golf \u00e9lectriques circulant sur la voie publique en Europe qui poss\u00e8dent une plaque d\u2019immatriculation.<\/p>\n<p><a href=\"http:\/\/www.invest-mobile.com\" target=\"_blank\" rel=\"noopener\"><u>www.invest-mobile.com<\/u><\/a><\/p>\n<p><strong>Contactez-nous pour de plus amples informations par le biais du formulaire ci-joint ou sur <a href=\"maito:info@golfkarkopen.be\"><u>info@golfkarkopen.be<\/u><\/a><\/strong><\/p>\n<\/div><\/section><br \/>\n<section  class='av_textblock_section av-av_textblock-0366cc7376be6c9e82a3e9cc8987b64f '   itemscope=\"itemscope\" itemtype=\"https:\/\/schema.org\/CreativeWork\" ><div class='avia_textblock'  itemprop=\"text\" ><div style=\"width: 640px;\" class=\"wp-video\"><!--[if lt IE 9]><script>document.createElement('video');<\/script><![endif]-->\n<video class=\"wp-video-shortcode\" id=\"video-96-1\" width=\"640\" height=\"360\" poster=\"http:\/\/electric-garia.com\/wp-content\/uploads\/2017\/04\/3.jpg\" preload=\"metadata\" controls=\"controls\"><source type=\"video\/mp4\" src=\"http:\/\/www.electric-garia.com\/Clip3.mp4?_=1\" \/><a href=\"http:\/\/www.electric-garia.com\/Clip3.mp4\">http:\/\/www.electric-garia.com\/Clip3.mp4<\/a><\/video><\/div>\n<\/div><\/section><\/p><\/div><div  class='flex_column av-av_two_fifth-451a2e1d84e44e4dad6926b71f4b5553 av_two_fifth  avia-builder-el-4  el_after_av_three_fifth  el_before_av_hr  flex_column_div  '     ><style type=\"text\/css\" data-created_by=\"avia_inline_auto\" id=\"style-css-av-av_image-3a24f60d18b9ebc89cc585243870c77e\">\n.avia-image-container.av-av_image-3a24f60d18b9ebc89cc585243870c77e img.avia_image{\nbox-shadow:none;\n}\n.avia-image-container.av-av_image-3a24f60d18b9ebc89cc585243870c77e .av-image-caption-overlay-center{\ncolor:#ffffff;\n}\n<\/style>\n<div  class='avia-image-container av-av_image-3a24f60d18b9ebc89cc585243870c77e av-styling- avia-align-center  avia-builder-el-5  avia-builder-el-no-sibling '   itemprop=\"image\" itemscope=\"itemscope\" itemtype=\"https:\/\/schema.org\/ImageObject\" ><div class=\"avia-image-container-inner\"><div class=\"avia-image-overlay-wrap\"><img decoding=\"async\" class='wp-image-201 avia-img-lazy-loading-not-201 avia_image ' src=\"https:\/\/golfkarkopen.be\/frans\/wp-content\/uploads\/2015\/05\/Golfkarkopen-92-1030x687.jpg\" alt='' title='golfkarkopen-92-1030x687'  height=\"687\" width=\"1030\"  itemprop=\"thumbnailUrl\" srcset=\"https:\/\/golfkarkopen.be\/frans\/wp-content\/uploads\/2015\/05\/Golfkarkopen-92-1030x687.jpg 1030w, https:\/\/golfkarkopen.be\/frans\/wp-content\/uploads\/2015\/05\/Golfkarkopen-92-1030x687-300x200.jpg 300w, https:\/\/golfkarkopen.be\/frans\/wp-content\/uploads\/2015\/05\/Golfkarkopen-92-1030x687-705x470.jpg 705w, https:\/\/golfkarkopen.be\/frans\/wp-content\/uploads\/2015\/05\/Golfkarkopen-92-1030x687-450x300.jpg 450w\" sizes=\"(max-width: 1030px) 100vw, 1030px\" \/><\/div><\/div><\/div><\/div><\/p>\n\n<style type=\"text\/css\" data-created_by=\"avia_inline_auto\" id=\"style-css-av-av_hr-ee2847e2e025ce3d30801259a03f9fd4\">\n#top .hr.hr-invisible.av-av_hr-ee2847e2e025ce3d30801259a03f9fd4{\nheight:10px;\n}\n<\/style>\n<div  class='hr av-av_hr-ee2847e2e025ce3d30801259a03f9fd4 hr-invisible  avia-builder-el-6  el_after_av_two_fifth  el_before_av_textblock '><span class='hr-inner '><span class=\"hr-inner-style\"><\/span><\/span><\/div>\n<section  class='av_textblock_section av-av_textblock-0366cc7376be6c9e82a3e9cc8987b64f '   itemscope=\"itemscope\" itemtype=\"https:\/\/schema.org\/CreativeWork\" ><div class='avia_textblock'  itemprop=\"text\" ><hr \/>\n<p><small><a href=\"http:\/\/golfkarkopen.be\/frans\/\">Elektrische Voertuigen<\/a> | <a href=\"http:\/\/golfkarkopen.be\/frans\/\">Elektrische Golfkarren<\/a> | <a href=\"http:\/\/golfkarkopen.be\/frans\/\">Golfkarren openbare weg<\/a> | <a href=\"http:\/\/golfkarkopen.be\/frans\/huur-een-elektrische-golfkar\/\">Golfkar kopen<\/a> | <a href=\"http:\/\/golfkarkopen.be\/frans\/huur-een-elektrische-golfkar\/\">LSV<\/a> | <a href=\"http:\/\/golfkarkopen.be\/frans\/event-verhuur\/\">Nummerplaat<\/a> | <a href=\"http:\/\/golfkarkopen.be\/frans\/contact\/\">Parkeerticket<\/a> | <a href=\"http:\/\/golfkarkopen.be\/frans\/\">Elektrisch rijden<\/a> | <a href=\"http:\/\/golfkarkopen.be\/frans\/huur-een-elektrische-golfkar\/\">CO2 uitstoot<\/a> | <a href=\"http:\/\/golfkarkopen.be\/frans\/event-verhuur\/\">DIV<\/a> | <a href=\"http:\/\/golfkarkopen.be\/frans\/event-verhuur\/\">belasting op inverkeerstelling<\/a> | <a href=\"http:\/\/golfkarkopen.be\/frans\/event-verhuur\/\">100% fiscaal aftrekbaar<\/a> | <a href=\"http:\/\/golfkarkopen.be\/frans\/huur-een-elektrische-golfkar\/\">Carrito de Golf<\/a> | <a href=\"http:\/\/golfkarkopen.be\/frans\/nederlands-kenteken\/\">Marbella<\/a> | <a href=\"http:\/\/golfkarkopen.be\/frans\/nederlands-kenteken\/\">Puerto Banus<\/a> | <a href=\"http:\/\/golfkarkopen.be\/frans\/event-verhuur\/\">Certificate of Conformity<\/a> | <a href=\"http:\/\/golfkarkopen.be\/frans\/huur-een-elektrische-golfkar\/\">Spanje<\/a> | <a href=\"http:\/\/golfkarkopen.be\/frans\/huur-een-elektrische-golfkar\/\">Duitsland<\/a> | <a href=\"http:\/\/golfkarkopen.be\/frans\/huur-een-elektrische-golfkar\/\">Tr\u00e1fico<\/a> | <a href=\"http:\/\/golfkarkopen.be\/frans\/event-verhuur\/\">TUV<\/a> | <a href=\"http:\/\/golfkarkopen.be\/frans\/\">Eurocarinvest<\/a> I <a href=\"http:\/\/golfkarkopen.be\/frans\/huur-een-elektrische-golfkar\/\">Invest-Mobile bvba<\/a> I <a href=\"http:\/\/golfkarkopen.be\/frans\/event-verhuur\/\">park-drive<\/a> I <a href=\"http:\/\/golfkarkopen.be\/frans\/event-verhuur\/\">Kentekengolfplaat golfkar<\/a> I <a href=\"http:\/\/golfkarkopen.be\/frans\/prijzen\/\">Gebruikte golfkarren<\/a> I <a href=\"http:\/\/golfkarkopen.be\/frans\/nederlands-kenteken\/\">LSV<\/a> I <a href=\"http:\/\/golfkarkopen.be\/frans\/nederlands-kenteken\/\">Low Speed Vehicle<\/a> I <a href=\"http:\/\/golfkarkopen.be\/frans\/\">Knokke-Heist<\/a> I <a href=\"http:\/\/golfkarkopen.be\/frans\/\">Fluisterkar<\/a> I <a href=\"http:\/\/golfkarkopen.be\/frans\/nederlands-kenteken\/\">Carrito de Golf<\/a> I <a href=\"http:\/\/golfkarkopen.be\/frans\/\">Rijden op straat<\/a> I <a href=\"http:\/\/golfkarkopen.be\/frans\/nederlands-kenteken\/\">Street legal golf carts<\/a> I <a href=\"http:\/\/golfkarkopen.be\/frans\/keuring-en-export\/\">inspecci\u00f3n t\u00e9cnica de veh\u00edculos<\/a><\/small><\/p>\n<\/div><\/section>\n","protected":false},"excerpt":{"rendered":"","protected":false},"author":1,"featured_media":0,"parent":0,"menu_order":0,"comment_status":"open","ping_status":"open","template":"","meta":{"footnotes":""},"yoast_head":"<!-- This site is optimized with the Yoast SEO plugin v22.0 - https:\/\/yoast.com\/wordpress\/plugins\/seo\/ -->\n<title>Plus d&#039;Informations | Golfkar kopen<\/title>\n<meta name=\"description\" content=\"Met een golfkar (golfwagen) mag u niet op de openbare weg rijden. Een golfkar voldoet niet aan de eisen van de Regeling voertuigen. Een golfkar met nummerplaat mag wel op de openbare weg. Rijden met een golfkar is fluisterstil en trendy en goedkoop golfkarren op de openbare weg. Ieder voertuig dat zich op de openbare weg begeeft, is verplicht een verzekering te nemen indien men deelneemt aan het verkeer. De huurprijs inclusief borgsom moet voldaan zijn v\u00f3\u00f3r het ingaan van de verhuurperiode anders worden de voertuigen niet afgeleverd door invest-mobile . Een golfkar is een elektrisch aangedreven wagen bestemd voor golfbanen. Alle elektrische golfkarren moeten dus voldoen aan de Europese regels voor het rijden op de openbare weg met nummerplaat.\" \/>\n<meta name=\"robots\" content=\"index, follow, max-snippet:-1, max-image-preview:large, max-video-preview:-1\" \/>\n<link rel=\"canonical\" href=\"https:\/\/golfkarkopen.be\/frans\/meer-informatie\/\" \/>\n<meta property=\"og:locale\" content=\"nl_NL\" \/>\n<meta property=\"og:type\" content=\"article\" \/>\n<meta property=\"og:title\" content=\"Plus d&#039;Informations | Golfkar kopen\" \/>\n<meta property=\"og:description\" content=\"Met een golfkar (golfwagen) mag u niet op de openbare weg rijden. Een golfkar voldoet niet aan de eisen van de Regeling voertuigen. Een golfkar met nummerplaat mag wel op de openbare weg. Rijden met een golfkar is fluisterstil en trendy en goedkoop golfkarren op de openbare weg. Ieder voertuig dat zich op de openbare weg begeeft, is verplicht een verzekering te nemen indien men deelneemt aan het verkeer. De huurprijs inclusief borgsom moet voldaan zijn v\u00f3\u00f3r het ingaan van de verhuurperiode anders worden de voertuigen niet afgeleverd door invest-mobile . Een golfkar is een elektrisch aangedreven wagen bestemd voor golfbanen. Alle elektrische golfkarren moeten dus voldoen aan de Europese regels voor het rijden op de openbare weg met nummerplaat.\" \/>\n<meta property=\"og:url\" content=\"https:\/\/golfkarkopen.be\/frans\/meer-informatie\/\" \/>\n<meta property=\"og:site_name\" content=\"Huurgolfkar.nl\" \/>\n<meta property=\"article:modified_time\" content=\"2017-04-07T14:47:32+00:00\" \/>\n<meta name=\"twitter:card\" content=\"summary_large_image\" \/>\n<meta name=\"twitter:label1\" content=\"Geschatte leestijd\" \/>\n\t<meta name=\"twitter:data1\" content=\"2 minuten\" \/>\n<script type=\"application\/ld+json\" class=\"yoast-schema-graph\">{\"@context\":\"https:\/\/schema.org\",\"@graph\":[{\"@type\":\"WebPage\",\"@id\":\"https:\/\/golfkarkopen.be\/frans\/meer-informatie\/\",\"url\":\"https:\/\/golfkarkopen.be\/frans\/meer-informatie\/\",\"name\":\"Plus d'Informations | Golfkar kopen\",\"isPartOf\":{\"@id\":\"https:\/\/golfkarkopen.be\/frans\/#website\"},\"datePublished\":\"2015-05-01T09:16:28+00:00\",\"dateModified\":\"2017-04-07T14:47:32+00:00\",\"description\":\"Met een golfkar (golfwagen) mag u niet op de openbare weg rijden. Een golfkar voldoet niet aan de eisen van de Regeling voertuigen. Een golfkar met nummerplaat mag wel op de openbare weg. Rijden met een golfkar is fluisterstil en trendy en goedkoop golfkarren op de openbare weg. Ieder voertuig dat zich op de openbare weg begeeft, is verplicht een verzekering te nemen indien men deelneemt aan het verkeer. De huurprijs inclusief borgsom moet voldaan zijn v\u00f3\u00f3r het ingaan van de verhuurperiode anders worden de voertuigen niet afgeleverd door invest-mobile . Een golfkar is een elektrisch aangedreven wagen bestemd voor golfbanen. Alle elektrische golfkarren moeten dus voldoen aan de Europese regels voor het rijden op de openbare weg met nummerplaat.\",\"breadcrumb\":{\"@id\":\"https:\/\/golfkarkopen.be\/frans\/meer-informatie\/#breadcrumb\"},\"inLanguage\":\"nl-NL\",\"potentialAction\":[{\"@type\":\"ReadAction\",\"target\":[\"https:\/\/golfkarkopen.be\/frans\/meer-informatie\/\"]}]},{\"@type\":\"BreadcrumbList\",\"@id\":\"https:\/\/golfkarkopen.be\/frans\/meer-informatie\/#breadcrumb\",\"itemListElement\":[{\"@type\":\"ListItem\",\"position\":1,\"name\":\"Home\",\"item\":\"https:\/\/golfkarkopen.be\/frans\/\"},{\"@type\":\"ListItem\",\"position\":2,\"name\":\"Plus d&#8217;Informations\"}]},{\"@type\":\"WebSite\",\"@id\":\"https:\/\/golfkarkopen.be\/frans\/#website\",\"url\":\"https:\/\/golfkarkopen.be\/frans\/\",\"name\":\"Huurgolfkar.nl\",\"description\":\"\",\"potentialAction\":[{\"@type\":\"SearchAction\",\"target\":{\"@type\":\"EntryPoint\",\"urlTemplate\":\"https:\/\/golfkarkopen.be\/frans\/?s={search_term_string}\"},\"query-input\":\"required name=search_term_string\"}],\"inLanguage\":\"nl-NL\"}]}<\/script>\n<!-- \/ Yoast SEO plugin. -->","yoast_head_json":{"title":"Plus d'Informations | Golfkar kopen","description":"Met een golfkar (golfwagen) mag u niet op de openbare weg rijden. Een golfkar voldoet niet aan de eisen van de Regeling voertuigen. Een golfkar met nummerplaat mag wel op de openbare weg. Rijden met een golfkar is fluisterstil en trendy en goedkoop golfkarren op de openbare weg. Ieder voertuig dat zich op de openbare weg begeeft, is verplicht een verzekering te nemen indien men deelneemt aan het verkeer. De huurprijs inclusief borgsom moet voldaan zijn v\u00f3\u00f3r het ingaan van de verhuurperiode anders worden de voertuigen niet afgeleverd door invest-mobile . Een golfkar is een elektrisch aangedreven wagen bestemd voor golfbanen. Alle elektrische golfkarren moeten dus voldoen aan de Europese regels voor het rijden op de openbare weg met nummerplaat.","robots":{"index":"index","follow":"follow","max-snippet":"max-snippet:-1","max-image-preview":"max-image-preview:large","max-video-preview":"max-video-preview:-1"},"canonical":"https:\/\/golfkarkopen.be\/frans\/meer-informatie\/","og_locale":"nl_NL","og_type":"article","og_title":"Plus d'Informations | Golfkar kopen","og_description":"Met een golfkar (golfwagen) mag u niet op de openbare weg rijden. Een golfkar voldoet niet aan de eisen van de Regeling voertuigen. Een golfkar met nummerplaat mag wel op de openbare weg. Rijden met een golfkar is fluisterstil en trendy en goedkoop golfkarren op de openbare weg. Ieder voertuig dat zich op de openbare weg begeeft, is verplicht een verzekering te nemen indien men deelneemt aan het verkeer. De huurprijs inclusief borgsom moet voldaan zijn v\u00f3\u00f3r het ingaan van de verhuurperiode anders worden de voertuigen niet afgeleverd door invest-mobile . Een golfkar is een elektrisch aangedreven wagen bestemd voor golfbanen. Alle elektrische golfkarren moeten dus voldoen aan de Europese regels voor het rijden op de openbare weg met nummerplaat.","og_url":"https:\/\/golfkarkopen.be\/frans\/meer-informatie\/","og_site_name":"Huurgolfkar.nl","article_modified_time":"2017-04-07T14:47:32+00:00","twitter_card":"summary_large_image","twitter_misc":{"Geschatte leestijd":"2 minuten"},"schema":{"@context":"https:\/\/schema.org","@graph":[{"@type":"WebPage","@id":"https:\/\/golfkarkopen.be\/frans\/meer-informatie\/","url":"https:\/\/golfkarkopen.be\/frans\/meer-informatie\/","name":"Plus d'Informations | Golfkar kopen","isPartOf":{"@id":"https:\/\/golfkarkopen.be\/frans\/#website"},"datePublished":"2015-05-01T09:16:28+00:00","dateModified":"2017-04-07T14:47:32+00:00","description":"Met een golfkar (golfwagen) mag u niet op de openbare weg rijden. Een golfkar voldoet niet aan de eisen van de Regeling voertuigen. Een golfkar met nummerplaat mag wel op de openbare weg. Rijden met een golfkar is fluisterstil en trendy en goedkoop golfkarren op de openbare weg. Ieder voertuig dat zich op de openbare weg begeeft, is verplicht een verzekering te nemen indien men deelneemt aan het verkeer. De huurprijs inclusief borgsom moet voldaan zijn v\u00f3\u00f3r het ingaan van de verhuurperiode anders worden de voertuigen niet afgeleverd door invest-mobile . Een golfkar is een elektrisch aangedreven wagen bestemd voor golfbanen. Alle elektrische golfkarren moeten dus voldoen aan de Europese regels voor het rijden op de openbare weg met nummerplaat.","breadcrumb":{"@id":"https:\/\/golfkarkopen.be\/frans\/meer-informatie\/#breadcrumb"},"inLanguage":"nl-NL","potentialAction":[{"@type":"ReadAction","target":["https:\/\/golfkarkopen.be\/frans\/meer-informatie\/"]}]},{"@type":"BreadcrumbList","@id":"https:\/\/golfkarkopen.be\/frans\/meer-informatie\/#breadcrumb","itemListElement":[{"@type":"ListItem","position":1,"name":"Home","item":"https:\/\/golfkarkopen.be\/frans\/"},{"@type":"ListItem","position":2,"name":"Plus d&#8217;Informations"}]},{"@type":"WebSite","@id":"https:\/\/golfkarkopen.be\/frans\/#website","url":"https:\/\/golfkarkopen.be\/frans\/","name":"Huurgolfkar.nl","description":"","potentialAction":[{"@type":"SearchAction","target":{"@type":"EntryPoint","urlTemplate":"https:\/\/golfkarkopen.be\/frans\/?s={search_term_string}"},"query-input":"required name=search_term_string"}],"inLanguage":"nl-NL"}]}},"_links":{"self":[{"href":"https:\/\/golfkarkopen.be\/frans\/wp-json\/wp\/v2\/pages\/96"}],"collection":[{"href":"https:\/\/golfkarkopen.be\/frans\/wp-json\/wp\/v2\/pages"}],"about":[{"href":"https:\/\/golfkarkopen.be\/frans\/wp-json\/wp\/v2\/types\/page"}],"author":[{"embeddable":true,"href":"https:\/\/golfkarkopen.be\/frans\/wp-json\/wp\/v2\/users\/1"}],"replies":[{"embeddable":true,"href":"https:\/\/golfkarkopen.be\/frans\/wp-json\/wp\/v2\/comments?post=96"}],"version-history":[{"count":8,"href":"https:\/\/golfkarkopen.be\/frans\/wp-json\/wp\/v2\/pages\/96\/revisions"}],"predecessor-version":[{"id":212,"href":"https:\/\/golfkarkopen.be\/frans\/wp-json\/wp\/v2\/pages\/96\/revisions\/212"}],"wp:attachment":[{"href":"https:\/\/golfkarkopen.be\/frans\/wp-json\/wp\/v2\/media?parent=96"}],"curies":[{"name":"wp","href":"https:\/\/api.w.org\/{rel}","templated":true}]}}