{"id":92,"date":"2015-05-01T10:16:07","date_gmt":"2015-05-01T09:16:07","guid":{"rendered":"http:\/\/golfkarkopen.be\/frans\/?page_id=92"},"modified":"2017-04-07T15:47:01","modified_gmt":"2017-04-07T14:47:01","slug":"keuring-en-export","status":"publish","type":"page","link":"https:\/\/golfkarkopen.be\/frans\/keuring-en-export\/","title":{"rendered":"Inspection et d&#8217;exportation"},"content":{"rendered":"\n<style type=\"text\/css\" data-created_by=\"avia_inline_auto\" id=\"style-css-av-av_hr-ee2847e2e025ce3d30801259a03f9fd4\">\n#top .hr.hr-invisible.av-av_hr-ee2847e2e025ce3d30801259a03f9fd4{\nheight:10px;\n}\n<\/style>\n<div  class='hr av-av_hr-ee2847e2e025ce3d30801259a03f9fd4 hr-invisible  avia-builder-el-0  el_before_av_three_fifth  avia-builder-el-first '><span class='hr-inner '><span class=\"hr-inner-style\"><\/span><\/span><\/div>\n<div  class='flex_column av-av_three_fifth-2a9015ff38129c418a3f2eafba3e9512 av_three_fifth  avia-builder-el-1  el_after_av_hr  el_before_av_two_fifth  first flex_column_div  '     ><section  class='av_textblock_section av-av_textblock-0366cc7376be6c9e82a3e9cc8987b64f '   itemscope=\"itemscope\" itemtype=\"https:\/\/schema.org\/CreativeWork\" ><div class='avia_textblock'  itemprop=\"text\" ><h1>Contr\u00f4le technique et exportation des voiturettes de golf<\/h1>\n<p>En Espagne, il faut passer le contr\u00f4le technique tous les 4 ans et dans le reste de l\u2019Europe il y a un contr\u00f4le technique unique.<\/p>\n<p>Les propri\u00e9taires transf\u00e9rant leur v\u00e9hicule \u00e0 l\u2019\u00e9tranger doivent d\u2019abord passer le contr\u00f4le technique avant de recevoir une nouvelle plaque d\u2019immatriculation pour leur v\u00e9hicule. Lors du contr\u00f4le technique, l\u2019on v\u00e9rifie si le v\u00e9hicule est conforme \u00e0 l\u2019homologation. Le tarif d\u2019un contr\u00f4le technique commence \u00e0 45,00 \u20ac mais est diff\u00e9rent en fonction du pays et du type.<\/p>\n<p>Il ne faut pas payer de <strong>taxe d\u2019importation<\/strong> lorsque votre v\u00e9hicule est \u00e9lectrique. Si vous roulez moins de 3 mois par an avec votre voiture immatricul\u00e9e \u00e0 l\u2019\u00e9tranger, il ne faut pas changer de plaque d\u2019immatriculation. Chaque <strong>fournisseur fiable de voiturettes de golf<\/strong>, comme par exemple la sarl Invest-Mobile se fera un plaisir de vous aider.<\/p>\n<\/div><\/section><br \/>\n<section  class='av_textblock_section av-av_textblock-0366cc7376be6c9e82a3e9cc8987b64f '   itemscope=\"itemscope\" itemtype=\"https:\/\/schema.org\/CreativeWork\" ><div class='avia_textblock'  itemprop=\"text\" ><div style=\"width: 640px;\" class=\"wp-video\"><!--[if lt IE 9]><script>document.createElement('video');<\/script><![endif]-->\n<video class=\"wp-video-shortcode\" id=\"video-92-1\" width=\"640\" height=\"360\" poster=\"http:\/\/electric-garia.com\/wp-content\/uploads\/2017\/04\/2.jpg\" preload=\"metadata\" controls=\"controls\"><source type=\"video\/mp4\" src=\"http:\/\/www.electric-garia.com\/Clip2.mp4?_=1\" \/><a href=\"http:\/\/www.electric-garia.com\/Clip2.mp4\">http:\/\/www.electric-garia.com\/Clip2.mp4<\/a><\/video><\/div>\n<\/div><\/section><\/p><\/div><div  class='flex_column av-av_two_fifth-451a2e1d84e44e4dad6926b71f4b5553 av_two_fifth  avia-builder-el-4  el_after_av_three_fifth  el_before_av_hr  flex_column_div  '     ><style type=\"text\/css\" data-created_by=\"avia_inline_auto\" id=\"style-css-av-av_image-2fee870714a3061046a3d83d751c2b59\">\n.avia-image-container.av-av_image-2fee870714a3061046a3d83d751c2b59 img.avia_image{\nbox-shadow:none;\n}\n.avia-image-container.av-av_image-2fee870714a3061046a3d83d751c2b59 .av-image-caption-overlay-center{\ncolor:#ffffff;\n}\n<\/style>\n<div  class='avia-image-container av-av_image-2fee870714a3061046a3d83d751c2b59 av-styling- avia-align-center  avia-builder-el-5  avia-builder-el-no-sibling '   itemprop=\"image\" itemscope=\"itemscope\" itemtype=\"https:\/\/schema.org\/ImageObject\" ><div class=\"avia-image-container-inner\"><div class=\"avia-image-overlay-wrap\"><img decoding=\"async\" class='wp-image-196 avia-img-lazy-loading-not-196 avia_image ' src=\"https:\/\/golfkarkopen.be\/frans\/wp-content\/uploads\/2015\/05\/3887.jpg\" alt='' title='3887'  height=\"600\" width=\"900\"  itemprop=\"thumbnailUrl\" srcset=\"https:\/\/golfkarkopen.be\/frans\/wp-content\/uploads\/2015\/05\/3887.jpg 900w, https:\/\/golfkarkopen.be\/frans\/wp-content\/uploads\/2015\/05\/3887-300x200.jpg 300w, https:\/\/golfkarkopen.be\/frans\/wp-content\/uploads\/2015\/05\/3887-705x470.jpg 705w, https:\/\/golfkarkopen.be\/frans\/wp-content\/uploads\/2015\/05\/3887-450x300.jpg 450w\" sizes=\"(max-width: 900px) 100vw, 900px\" \/><\/div><\/div><\/div><\/div><\/p>\n\n<style type=\"text\/css\" data-created_by=\"avia_inline_auto\" id=\"style-css-av-av_hr-ee2847e2e025ce3d30801259a03f9fd4\">\n#top .hr.hr-invisible.av-av_hr-ee2847e2e025ce3d30801259a03f9fd4{\nheight:10px;\n}\n<\/style>\n<div  class='hr av-av_hr-ee2847e2e025ce3d30801259a03f9fd4 hr-invisible  avia-builder-el-6  el_after_av_two_fifth  el_before_av_textblock '><span class='hr-inner '><span class=\"hr-inner-style\"><\/span><\/span><\/div>\n<section  class='av_textblock_section av-av_textblock-0366cc7376be6c9e82a3e9cc8987b64f '   itemscope=\"itemscope\" itemtype=\"https:\/\/schema.org\/CreativeWork\" ><div class='avia_textblock'  itemprop=\"text\" ><hr \/>\n<p><small><a href=\"http:\/\/golfkarkopen.be\/frans\/\">Elektrische Voertuigen<\/a> | <a href=\"http:\/\/golfkarkopen.be\/frans\/\">Elektrische Golfkarren<\/a> | <a href=\"http:\/\/golfkarkopen.be\/frans\/\">Golfkarren openbare weg<\/a> | <a href=\"http:\/\/golfkarkopen.be\/frans\/huur-een-elektrische-golfkar\/\">Golfkar kopen<\/a> | <a href=\"http:\/\/golfkarkopen.be\/frans\/huur-een-elektrische-golfkar\/\">LSV<\/a> | <a href=\"http:\/\/golfkarkopen.be\/frans\/event-verhuur\/\">Nummerplaat<\/a> | <a href=\"http:\/\/golfkarkopen.be\/frans\/contact\/\">Parkeerticket<\/a> | <a href=\"http:\/\/golfkarkopen.be\/frans\/\">Elektrisch rijden<\/a> | <a href=\"http:\/\/golfkarkopen.be\/frans\/huur-een-elektrische-golfkar\/\">CO2 uitstoot<\/a> | <a href=\"http:\/\/golfkarkopen.be\/frans\/event-verhuur\/\">DIV<\/a> | <a href=\"http:\/\/golfkarkopen.be\/frans\/event-verhuur\/\">belasting op inverkeerstelling<\/a> | <a href=\"http:\/\/golfkarkopen.be\/frans\/event-verhuur\/\">100% fiscaal aftrekbaar<\/a> | <a href=\"http:\/\/golfkarkopen.be\/frans\/huur-een-elektrische-golfkar\/\">Carrito de Golf<\/a> | <a href=\"http:\/\/golfkarkopen.be\/frans\/nederlands-kenteken\/\">Marbella<\/a> | <a href=\"http:\/\/golfkarkopen.be\/frans\/nederlands-kenteken\/\">Puerto Banus<\/a> | <a href=\"http:\/\/golfkarkopen.be\/frans\/event-verhuur\/\">Certificate of Conformity<\/a> | <a href=\"http:\/\/golfkarkopen.be\/frans\/huur-een-elektrische-golfkar\/\">Spanje<\/a> | <a href=\"http:\/\/golfkarkopen.be\/frans\/huur-een-elektrische-golfkar\/\">Duitsland<\/a> | <a href=\"http:\/\/golfkarkopen.be\/frans\/huur-een-elektrische-golfkar\/\">Tr\u00e1fico<\/a> | <a href=\"http:\/\/golfkarkopen.be\/frans\/event-verhuur\/\">TUV<\/a> | <a href=\"http:\/\/golfkarkopen.be\/frans\/\">Eurocarinvest<\/a> I <a href=\"http:\/\/golfkarkopen.be\/frans\/huur-een-elektrische-golfkar\/\">Invest-Mobile bvba<\/a> I <a href=\"http:\/\/golfkarkopen.be\/frans\/event-verhuur\/\">park-drive<\/a> I <a href=\"http:\/\/golfkarkopen.be\/frans\/event-verhuur\/\">Kentekengolfplaat golfkar<\/a> I <a href=\"http:\/\/golfkarkopen.be\/frans\/prijzen\/\">Gebruikte golfkarren<\/a> I <a href=\"http:\/\/golfkarkopen.be\/frans\/nederlands-kenteken\/\">LSV<\/a> I <a href=\"http:\/\/golfkarkopen.be\/frans\/nederlands-kenteken\/\">Low Speed Vehicle<\/a> I <a href=\"http:\/\/golfkarkopen.be\/frans\/\">Knokke-Heist<\/a> I <a href=\"http:\/\/golfkarkopen.be\/frans\/\">Fluisterkar<\/a> I <a href=\"http:\/\/golfkarkopen.be\/frans\/nederlands-kenteken\/\">Carrito de Golf<\/a> I <a href=\"http:\/\/golfkarkopen.be\/frans\/\">Rijden op straat<\/a> I <a href=\"http:\/\/golfkarkopen.be\/frans\/nederlands-kenteken\/\">Street legal golf carts<\/a> I <a href=\"http:\/\/golfkarkopen.be\/frans\/keuring-en-export\/\">inspecci\u00f3n t\u00e9cnica de veh\u00edculos<\/a><\/small><\/p>\n<\/div><\/section>\n","protected":false},"excerpt":{"rendered":"","protected":false},"author":1,"featured_media":0,"parent":0,"menu_order":0,"comment_status":"open","ping_status":"open","template":"","meta":{"footnotes":""},"yoast_head":"<!-- This site is optimized with the Yoast SEO plugin v22.0 - https:\/\/yoast.com\/wordpress\/plugins\/seo\/ -->\n<title>Inspection et d&#039;exportation | Golfkar kopen<\/title>\n<meta name=\"description\" content=\"Met een golfkar (golfwagen) mag u niet op de openbare weg rijden. Een golfkar voldoet niet aan de eisen van de Regeling voertuigen. Een golfkar met nummerplaat mag wel op de openbare weg. Rijden met een golfkar is fluisterstil en trendy en goedkoop golfkarren op de openbare weg. Ieder voertuig dat zich op de openbare weg begeeft, is verplicht een verzekering te nemen indien men deelneemt aan het verkeer. De huurprijs inclusief borgsom moet voldaan zijn v\u00f3\u00f3r het ingaan van de verhuurperiode anders worden de voertuigen niet afgeleverd door invest-mobile . Een golfkar is een elektrisch aangedreven wagen bestemd voor golfbanen. Alle elektrische golfkarren moeten dus voldoen aan de Europese regels voor het rijden op de openbare weg met nummerplaat.\" \/>\n<meta name=\"robots\" content=\"index, follow, max-snippet:-1, max-image-preview:large, max-video-preview:-1\" \/>\n<link rel=\"canonical\" href=\"https:\/\/golfkarkopen.be\/frans\/keuring-en-export\/\" \/>\n<meta property=\"og:locale\" content=\"nl_NL\" \/>\n<meta property=\"og:type\" content=\"article\" \/>\n<meta property=\"og:title\" content=\"Inspection et d&#039;exportation | Golfkar kopen\" \/>\n<meta property=\"og:description\" content=\"Met een golfkar (golfwagen) mag u niet op de openbare weg rijden. Een golfkar voldoet niet aan de eisen van de Regeling voertuigen. Een golfkar met nummerplaat mag wel op de openbare weg. Rijden met een golfkar is fluisterstil en trendy en goedkoop golfkarren op de openbare weg. Ieder voertuig dat zich op de openbare weg begeeft, is verplicht een verzekering te nemen indien men deelneemt aan het verkeer. De huurprijs inclusief borgsom moet voldaan zijn v\u00f3\u00f3r het ingaan van de verhuurperiode anders worden de voertuigen niet afgeleverd door invest-mobile . Een golfkar is een elektrisch aangedreven wagen bestemd voor golfbanen. Alle elektrische golfkarren moeten dus voldoen aan de Europese regels voor het rijden op de openbare weg met nummerplaat.\" \/>\n<meta property=\"og:url\" content=\"https:\/\/golfkarkopen.be\/frans\/keuring-en-export\/\" \/>\n<meta property=\"og:site_name\" content=\"Huurgolfkar.nl\" \/>\n<meta property=\"article:modified_time\" content=\"2017-04-07T14:47:01+00:00\" \/>\n<meta name=\"twitter:card\" content=\"summary_large_image\" \/>\n<meta name=\"twitter:label1\" content=\"Geschatte leestijd\" \/>\n\t<meta name=\"twitter:data1\" content=\"2 minuten\" \/>\n<script type=\"application\/ld+json\" class=\"yoast-schema-graph\">{\"@context\":\"https:\/\/schema.org\",\"@graph\":[{\"@type\":\"WebPage\",\"@id\":\"https:\/\/golfkarkopen.be\/frans\/keuring-en-export\/\",\"url\":\"https:\/\/golfkarkopen.be\/frans\/keuring-en-export\/\",\"name\":\"Inspection et d'exportation | Golfkar kopen\",\"isPartOf\":{\"@id\":\"https:\/\/golfkarkopen.be\/frans\/#website\"},\"datePublished\":\"2015-05-01T09:16:07+00:00\",\"dateModified\":\"2017-04-07T14:47:01+00:00\",\"description\":\"Met een golfkar (golfwagen) mag u niet op de openbare weg rijden. Een golfkar voldoet niet aan de eisen van de Regeling voertuigen. Een golfkar met nummerplaat mag wel op de openbare weg. Rijden met een golfkar is fluisterstil en trendy en goedkoop golfkarren op de openbare weg. Ieder voertuig dat zich op de openbare weg begeeft, is verplicht een verzekering te nemen indien men deelneemt aan het verkeer. De huurprijs inclusief borgsom moet voldaan zijn v\u00f3\u00f3r het ingaan van de verhuurperiode anders worden de voertuigen niet afgeleverd door invest-mobile . Een golfkar is een elektrisch aangedreven wagen bestemd voor golfbanen. Alle elektrische golfkarren moeten dus voldoen aan de Europese regels voor het rijden op de openbare weg met nummerplaat.\",\"breadcrumb\":{\"@id\":\"https:\/\/golfkarkopen.be\/frans\/keuring-en-export\/#breadcrumb\"},\"inLanguage\":\"nl-NL\",\"potentialAction\":[{\"@type\":\"ReadAction\",\"target\":[\"https:\/\/golfkarkopen.be\/frans\/keuring-en-export\/\"]}]},{\"@type\":\"BreadcrumbList\",\"@id\":\"https:\/\/golfkarkopen.be\/frans\/keuring-en-export\/#breadcrumb\",\"itemListElement\":[{\"@type\":\"ListItem\",\"position\":1,\"name\":\"Home\",\"item\":\"https:\/\/golfkarkopen.be\/frans\/\"},{\"@type\":\"ListItem\",\"position\":2,\"name\":\"Inspection et d&#8217;exportation\"}]},{\"@type\":\"WebSite\",\"@id\":\"https:\/\/golfkarkopen.be\/frans\/#website\",\"url\":\"https:\/\/golfkarkopen.be\/frans\/\",\"name\":\"Huurgolfkar.nl\",\"description\":\"\",\"potentialAction\":[{\"@type\":\"SearchAction\",\"target\":{\"@type\":\"EntryPoint\",\"urlTemplate\":\"https:\/\/golfkarkopen.be\/frans\/?s={search_term_string}\"},\"query-input\":\"required name=search_term_string\"}],\"inLanguage\":\"nl-NL\"}]}<\/script>\n<!-- \/ Yoast SEO plugin. -->","yoast_head_json":{"title":"Inspection et d'exportation | Golfkar kopen","description":"Met een golfkar (golfwagen) mag u niet op de openbare weg rijden. Een golfkar voldoet niet aan de eisen van de Regeling voertuigen. Een golfkar met nummerplaat mag wel op de openbare weg. Rijden met een golfkar is fluisterstil en trendy en goedkoop golfkarren op de openbare weg. Ieder voertuig dat zich op de openbare weg begeeft, is verplicht een verzekering te nemen indien men deelneemt aan het verkeer. De huurprijs inclusief borgsom moet voldaan zijn v\u00f3\u00f3r het ingaan van de verhuurperiode anders worden de voertuigen niet afgeleverd door invest-mobile . Een golfkar is een elektrisch aangedreven wagen bestemd voor golfbanen. Alle elektrische golfkarren moeten dus voldoen aan de Europese regels voor het rijden op de openbare weg met nummerplaat.","robots":{"index":"index","follow":"follow","max-snippet":"max-snippet:-1","max-image-preview":"max-image-preview:large","max-video-preview":"max-video-preview:-1"},"canonical":"https:\/\/golfkarkopen.be\/frans\/keuring-en-export\/","og_locale":"nl_NL","og_type":"article","og_title":"Inspection et d'exportation | Golfkar kopen","og_description":"Met een golfkar (golfwagen) mag u niet op de openbare weg rijden. Een golfkar voldoet niet aan de eisen van de Regeling voertuigen. Een golfkar met nummerplaat mag wel op de openbare weg. Rijden met een golfkar is fluisterstil en trendy en goedkoop golfkarren op de openbare weg. Ieder voertuig dat zich op de openbare weg begeeft, is verplicht een verzekering te nemen indien men deelneemt aan het verkeer. De huurprijs inclusief borgsom moet voldaan zijn v\u00f3\u00f3r het ingaan van de verhuurperiode anders worden de voertuigen niet afgeleverd door invest-mobile . Een golfkar is een elektrisch aangedreven wagen bestemd voor golfbanen. Alle elektrische golfkarren moeten dus voldoen aan de Europese regels voor het rijden op de openbare weg met nummerplaat.","og_url":"https:\/\/golfkarkopen.be\/frans\/keuring-en-export\/","og_site_name":"Huurgolfkar.nl","article_modified_time":"2017-04-07T14:47:01+00:00","twitter_card":"summary_large_image","twitter_misc":{"Geschatte leestijd":"2 minuten"},"schema":{"@context":"https:\/\/schema.org","@graph":[{"@type":"WebPage","@id":"https:\/\/golfkarkopen.be\/frans\/keuring-en-export\/","url":"https:\/\/golfkarkopen.be\/frans\/keuring-en-export\/","name":"Inspection et d'exportation | Golfkar kopen","isPartOf":{"@id":"https:\/\/golfkarkopen.be\/frans\/#website"},"datePublished":"2015-05-01T09:16:07+00:00","dateModified":"2017-04-07T14:47:01+00:00","description":"Met een golfkar (golfwagen) mag u niet op de openbare weg rijden. Een golfkar voldoet niet aan de eisen van de Regeling voertuigen. Een golfkar met nummerplaat mag wel op de openbare weg. Rijden met een golfkar is fluisterstil en trendy en goedkoop golfkarren op de openbare weg. Ieder voertuig dat zich op de openbare weg begeeft, is verplicht een verzekering te nemen indien men deelneemt aan het verkeer. De huurprijs inclusief borgsom moet voldaan zijn v\u00f3\u00f3r het ingaan van de verhuurperiode anders worden de voertuigen niet afgeleverd door invest-mobile . Een golfkar is een elektrisch aangedreven wagen bestemd voor golfbanen. Alle elektrische golfkarren moeten dus voldoen aan de Europese regels voor het rijden op de openbare weg met nummerplaat.","breadcrumb":{"@id":"https:\/\/golfkarkopen.be\/frans\/keuring-en-export\/#breadcrumb"},"inLanguage":"nl-NL","potentialAction":[{"@type":"ReadAction","target":["https:\/\/golfkarkopen.be\/frans\/keuring-en-export\/"]}]},{"@type":"BreadcrumbList","@id":"https:\/\/golfkarkopen.be\/frans\/keuring-en-export\/#breadcrumb","itemListElement":[{"@type":"ListItem","position":1,"name":"Home","item":"https:\/\/golfkarkopen.be\/frans\/"},{"@type":"ListItem","position":2,"name":"Inspection et d&#8217;exportation"}]},{"@type":"WebSite","@id":"https:\/\/golfkarkopen.be\/frans\/#website","url":"https:\/\/golfkarkopen.be\/frans\/","name":"Huurgolfkar.nl","description":"","potentialAction":[{"@type":"SearchAction","target":{"@type":"EntryPoint","urlTemplate":"https:\/\/golfkarkopen.be\/frans\/?s={search_term_string}"},"query-input":"required name=search_term_string"}],"inLanguage":"nl-NL"}]}},"_links":{"self":[{"href":"https:\/\/golfkarkopen.be\/frans\/wp-json\/wp\/v2\/pages\/92"}],"collection":[{"href":"https:\/\/golfkarkopen.be\/frans\/wp-json\/wp\/v2\/pages"}],"about":[{"href":"https:\/\/golfkarkopen.be\/frans\/wp-json\/wp\/v2\/types\/page"}],"author":[{"embeddable":true,"href":"https:\/\/golfkarkopen.be\/frans\/wp-json\/wp\/v2\/users\/1"}],"replies":[{"embeddable":true,"href":"https:\/\/golfkarkopen.be\/frans\/wp-json\/wp\/v2\/comments?post=92"}],"version-history":[{"count":7,"href":"https:\/\/golfkarkopen.be\/frans\/wp-json\/wp\/v2\/pages\/92\/revisions"}],"predecessor-version":[{"id":211,"href":"https:\/\/golfkarkopen.be\/frans\/wp-json\/wp\/v2\/pages\/92\/revisions\/211"}],"wp:attachment":[{"href":"https:\/\/golfkarkopen.be\/frans\/wp-json\/wp\/v2\/media?parent=92"}],"curies":[{"name":"wp","href":"https:\/\/api.w.org\/{rel}","templated":true}]}}