{"id":6,"date":"2015-04-30T12:53:29","date_gmt":"2015-04-30T11:53:29","guid":{"rendered":"http:\/\/golfkarkopen.be\/frans\/?page_id=6"},"modified":"2017-04-07T15:45:04","modified_gmt":"2017-04-07T14:45:04","slug":"huur-een-elektrische-golfkar","status":"publish","type":"page","link":"https:\/\/golfkarkopen.be\/frans\/huur-een-elektrische-golfkar\/","title":{"rendered":"Acheter une Golfcar"},"content":{"rendered":"\n<style type=\"text\/css\" data-created_by=\"avia_inline_auto\" id=\"style-css-av-av_hr-ee2847e2e025ce3d30801259a03f9fd4\">\n#top .hr.hr-invisible.av-av_hr-ee2847e2e025ce3d30801259a03f9fd4{\nheight:10px;\n}\n<\/style>\n<div  class='hr av-av_hr-ee2847e2e025ce3d30801259a03f9fd4 hr-invisible  avia-builder-el-0  el_before_av_three_fifth  avia-builder-el-first '><span class='hr-inner '><span class=\"hr-inner-style\"><\/span><\/span><\/div>\n<div  class='flex_column av-av_three_fifth-2a9015ff38129c418a3f2eafba3e9512 av_three_fifth  avia-builder-el-1  el_after_av_hr  el_before_av_two_fifth  first flex_column_div  '     ><section  class='av_textblock_section av-av_textblock-0366cc7376be6c9e82a3e9cc8987b64f '   itemscope=\"itemscope\" itemtype=\"https:\/\/schema.org\/CreativeWork\" ><div class='avia_textblock'  itemprop=\"text\" ><h1>Acheter une voiturette de golf \u00e9lectrique<\/h1>\n<p>Vous voulez acqu\u00e9rir une <strong>voiturette de golf<\/strong> ? Nous nous ferons un plaisir de vous fournir toutes les informations concernant les <strong>voiturettes de golf ou fluisterkarren<\/strong> (et carrito de golf en espagnol).<\/p>\n<hr \/>\n<h1>Les voiturettes de golf autoris\u00e9es dans la rue<\/h1>\n<p>Ce site aborde la question de savoir si une voiturette de golf est habilit\u00e9e \u00e0 rouler sur la voie publique. Nous renvoyons en outre \u00e0 la sarl Invest-mobile qui est un fournisseur\/revendeur certifi\u00e9 de voiturettes de golf, de pi\u00e8ces de rechange et d\u2019accessoires. Le tout en gestion propre. Toutes les voiturettes de golf \u00e9lectriques et les Low Speed Vehicle (LSV) pour la voie publique doivent \u00eatre pourvus de documents devant se trouver \u00e0 bord lorsque le v\u00e9hicule roule participe \u00e0 la circulation. Et \u00e9galement d\u2019une immatriculation officielle octroy\u00e9e par les instances gouvernementales comp\u00e9tentes du pays o\u00f9 le v\u00e9hicule circule. Donc chaque v\u00e9hicule (\u00e9galement les voiturettes de golf \u00e9lectriques) doit pouvoir \u00eatre identifi\u00e9 lorsqu\u2019il roule sur la voie publique. N\u2019achetez jamais de voiturette de golf sans les papiers ad\u00e9quats.<\/p>\n<hr \/>\n<h1>Usage professionnel<\/h1>\n<p>Les voiturettes de golf et les Low Speed Vehicles pour la voie publique sont actuellement \u00e0 entra\u00eenement \u00e9lectrique, ce qui les rend \u00e9galement int\u00e9ressants dans le cadre d\u2019une utilisation professionnelle. Les entreprises achetant une voiturette de golf \u00e9lectrique ne paient quasiment pas de taxes pour l\u2019utilisation sur la voie publique. Plusieurs gouvernements europ\u00e9ens ont en effet annul\u00e9 l\u2019imp\u00f4t unique de mise en circulation et la taxe de circulation annuelle pour ces v\u00e9hicules \u00e9cologiques.<\/p>\n<hr \/>\n<h1>Usage priv\u00e9<\/h1>\n<p>En tant que particulier, vous avez droit \u00e0 diff\u00e9rents avantages fiscaux en achetant une voiturette de golf \u00e9lectrique. Chaque gouvernement veut acc\u00e9l\u00e9rer le lancement des v\u00e9hicules \u00e9lectriques gr\u00e2ce \u00e0 de nouveaux avantages fiscaux. Ces v\u00e9hicules sont en effet exempt\u00e9s de la taxe de mise en circulation pour les particuliers.<\/p>\n<hr \/>\n<h1>Respect de l\u2019environnement<\/h1>\n<p>Les voiturettes de golf \u00e9lectriques ne consomment pas beaucoup et n\u2019\u00e9mettent pas du tout de CO2 et sont exempt\u00e9es de la taxe de circulation sur la voie publique, gr\u00e2ce \u00e0 leur aspect environnemental positif. Et comme les voiturettes de golf sont \u00e9lectriques, elles ne font en outre aucun bruit.<\/p>\n<p>Les nombreux mod\u00e8les, accessoires et options rendent la voiturette de golf parfaite comme v\u00e9hicule multifonctionnel permettant de transporter des personnes et\/ou des marchandises. La voiturette de golf est une solution respectueuse de l\u2019environnement et fonctionnelle destin\u00e9e \u00e0 votre temps libre ou \u00e0 votre entreprise.<\/p>\n<\/div><\/section><br \/>\n<section  class='av_textblock_section av-av_textblock-0366cc7376be6c9e82a3e9cc8987b64f '   itemscope=\"itemscope\" itemtype=\"https:\/\/schema.org\/CreativeWork\" ><div class='avia_textblock'  itemprop=\"text\" ><div style=\"width: 640px;\" class=\"wp-video\"><!--[if lt IE 9]><script>document.createElement('video');<\/script><![endif]-->\n<video class=\"wp-video-shortcode\" id=\"video-6-1\" width=\"640\" height=\"360\" poster=\"http:\/\/electric-garia.com\/wp-content\/uploads\/2017\/04\/3.jpg\" preload=\"metadata\" controls=\"controls\"><source type=\"video\/mp4\" src=\"http:\/\/www.electric-garia.com\/Clip3.mp4?_=1\" \/><a href=\"http:\/\/www.electric-garia.com\/Clip3.mp4\">http:\/\/www.electric-garia.com\/Clip3.mp4<\/a><\/video><\/div>\n<\/div><\/section><\/p><\/div><div  class='flex_column av-av_two_fifth-451a2e1d84e44e4dad6926b71f4b5553 av_two_fifth  avia-builder-el-4  el_after_av_three_fifth  el_before_av_textblock  flex_column_div  '     ><style type=\"text\/css\" data-created_by=\"avia_inline_auto\" id=\"style-css-av-av_gallery-adeaeee3164ea5c3763a6d4666751b63\">\n#top .avia-gallery.av-av_gallery-adeaeee3164ea5c3763a6d4666751b63 .avia-gallery-thumb a{\nwidth:100%;\n}\n<\/style>\n<div  class='avia-gallery av-av_gallery-adeaeee3164ea5c3763a6d4666751b63 avia_animate_when_visible  avia-builder-el-5  avia-builder-el-no-sibling  deactivate_avia_lazyload avia-gallery-animate avia-gallery-1'  itemprop=\"image\" itemscope=\"itemscope\" itemtype=\"https:\/\/schema.org\/ImageObject\" ><meta itemprop=\"contentURL\" content=\"https:\/\/golfkarkopen.be\/frans\/huur-een-elektrische-golfkar\/\"><div class='avia-gallery-thumb'><a href=\"https:\/\/golfkarkopen.be\/frans\/wp-content\/uploads\/2015\/04\/11-1030x687.jpg\" data-srcset=\"https:\/\/golfkarkopen.be\/frans\/wp-content\/uploads\/2015\/04\/11.jpg 1030w, https:\/\/golfkarkopen.be\/frans\/wp-content\/uploads\/2015\/04\/11-300x200.jpg 300w, https:\/\/golfkarkopen.be\/frans\/wp-content\/uploads\/2015\/04\/11-705x470.jpg 705w, https:\/\/golfkarkopen.be\/frans\/wp-content\/uploads\/2015\/04\/11-450x300.jpg 450w\" data-sizes=\"(max-width: 1030px) 100vw, 1030px\" data-rel='gallery-1' data-prev-img='https:\/\/golfkarkopen.be\/frans\/wp-content\/uploads\/2015\/04\/11-495x400.jpg' class='first_thumb lightbox ' data-onclick='1' title='1'  itemprop=\"thumbnailUrl\"  ><img decoding=\"async\" class=\"wp-image-174 avia-img-lazy-loading-not-174\"   src=\"https:\/\/golfkarkopen.be\/frans\/wp-content\/uploads\/2015\/04\/11-495x400.jpg\" width=\"495\" height=\"400\"  title='1' alt='' srcset=\"https:\/\/golfkarkopen.be\/frans\/wp-content\/uploads\/2015\/04\/11-495x400.jpg 495w, https:\/\/golfkarkopen.be\/frans\/wp-content\/uploads\/2015\/04\/11-845x684.jpg 845w\" sizes=\"(max-width: 495px) 100vw, 495px\" \/><div class='big-prev-fake'><img loading=\"lazy\" decoding=\"async\" class=\"wp-image-174 avia-img-lazy-loading-174\"  width=\"495\" height=\"400\" src=\"https:\/\/golfkarkopen.be\/frans\/wp-content\/uploads\/2015\/04\/11-495x400.jpg\" title='1' alt='' srcset=\"https:\/\/golfkarkopen.be\/frans\/wp-content\/uploads\/2015\/04\/11-495x400.jpg 495w, https:\/\/golfkarkopen.be\/frans\/wp-content\/uploads\/2015\/04\/11-845x684.jpg 845w\" sizes=\"(max-width: 495px) 100vw, 495px\" \/><\/div><\/a><a href=\"https:\/\/golfkarkopen.be\/frans\/wp-content\/uploads\/2015\/04\/22.jpg\" data-srcset=\"https:\/\/golfkarkopen.be\/frans\/wp-content\/uploads\/2015\/04\/22.jpg 900w, https:\/\/golfkarkopen.be\/frans\/wp-content\/uploads\/2015\/04\/22-300x214.jpg 300w, https:\/\/golfkarkopen.be\/frans\/wp-content\/uploads\/2015\/04\/22-260x185.jpg 260w, https:\/\/golfkarkopen.be\/frans\/wp-content\/uploads\/2015\/04\/22-705x504.jpg 705w, https:\/\/golfkarkopen.be\/frans\/wp-content\/uploads\/2015\/04\/22-450x322.jpg 450w\" data-sizes=\"(max-width: 900px) 100vw, 900px\" data-rel='gallery-1' data-prev-img='https:\/\/golfkarkopen.be\/frans\/wp-content\/uploads\/2015\/04\/22-495x400.jpg' class='first_thumb lightbox ' data-onclick='2' title='2'  itemprop=\"thumbnailUrl\"  ><img decoding=\"async\" class=\"wp-image-175 avia-img-lazy-loading-not-175\"   src=\"https:\/\/golfkarkopen.be\/frans\/wp-content\/uploads\/2015\/04\/22-495x400.jpg\" width=\"495\" height=\"400\"  title='2' alt='' \/><div class='big-prev-fake'><img loading=\"lazy\" decoding=\"async\" class=\"wp-image-175 avia-img-lazy-loading-175\"  width=\"495\" height=\"400\" src=\"https:\/\/golfkarkopen.be\/frans\/wp-content\/uploads\/2015\/04\/22-495x400.jpg\" title='2' alt='' \/><\/div><\/a><a href=\"https:\/\/golfkarkopen.be\/frans\/wp-content\/uploads\/2015\/04\/31.jpg\" data-srcset=\"https:\/\/golfkarkopen.be\/frans\/wp-content\/uploads\/2015\/04\/31.jpg 900w, https:\/\/golfkarkopen.be\/frans\/wp-content\/uploads\/2015\/04\/31-300x200.jpg 300w, https:\/\/golfkarkopen.be\/frans\/wp-content\/uploads\/2015\/04\/31-705x469.jpg 705w, https:\/\/golfkarkopen.be\/frans\/wp-content\/uploads\/2015\/04\/31-450x300.jpg 450w\" data-sizes=\"(max-width: 900px) 100vw, 900px\" data-rel='gallery-1' data-prev-img='https:\/\/golfkarkopen.be\/frans\/wp-content\/uploads\/2015\/04\/31-495x400.jpg' class='first_thumb lightbox ' data-onclick='3' title='3'  itemprop=\"thumbnailUrl\"  ><img decoding=\"async\" class=\"wp-image-176 avia-img-lazy-loading-not-176\"   src=\"https:\/\/golfkarkopen.be\/frans\/wp-content\/uploads\/2015\/04\/31-495x400.jpg\" width=\"495\" height=\"400\"  title='3' alt='' \/><div class='big-prev-fake'><img loading=\"lazy\" decoding=\"async\" class=\"wp-image-176 avia-img-lazy-loading-176\"  width=\"495\" height=\"400\" src=\"https:\/\/golfkarkopen.be\/frans\/wp-content\/uploads\/2015\/04\/31-495x400.jpg\" title='3' alt='' \/><\/div><\/a><a href=\"https:\/\/golfkarkopen.be\/frans\/wp-content\/uploads\/2015\/04\/4.jpg\" data-srcset=\"https:\/\/golfkarkopen.be\/frans\/wp-content\/uploads\/2015\/04\/4.jpg 800w, https:\/\/golfkarkopen.be\/frans\/wp-content\/uploads\/2015\/04\/4-300x199.jpg 300w, https:\/\/golfkarkopen.be\/frans\/wp-content\/uploads\/2015\/04\/4-705x467.jpg 705w, https:\/\/golfkarkopen.be\/frans\/wp-content\/uploads\/2015\/04\/4-450x298.jpg 450w\" data-sizes=\"(max-width: 800px) 100vw, 800px\" data-rel='gallery-1' data-prev-img='https:\/\/golfkarkopen.be\/frans\/wp-content\/uploads\/2015\/04\/4-495x400.jpg' class='first_thumb lightbox ' data-onclick='4' title='4'  itemprop=\"thumbnailUrl\"  ><img decoding=\"async\" class=\"wp-image-177 avia-img-lazy-loading-not-177\"   src=\"https:\/\/golfkarkopen.be\/frans\/wp-content\/uploads\/2015\/04\/4-495x400.jpg\" width=\"495\" height=\"400\"  title='4' alt='' \/><div class='big-prev-fake'><img loading=\"lazy\" decoding=\"async\" class=\"wp-image-177 avia-img-lazy-loading-177\"  width=\"495\" height=\"400\" src=\"https:\/\/golfkarkopen.be\/frans\/wp-content\/uploads\/2015\/04\/4-495x400.jpg\" title='4' alt='' \/><\/div><\/a><\/div><\/div><\/div><\/p>\n<section  class='av_textblock_section av-av_textblock-0366cc7376be6c9e82a3e9cc8987b64f '   itemscope=\"itemscope\" itemtype=\"https:\/\/schema.org\/CreativeWork\" ><div class='avia_textblock'  itemprop=\"text\" ><hr \/>\n<p><small><a href=\"http:\/\/golfkarkopen.be\/frans\/\">Elektrische Voertuigen<\/a> | <a href=\"http:\/\/golfkarkopen.be\/frans\/\">Elektrische Golfkarren<\/a> | <a href=\"http:\/\/golfkarkopen.be\/frans\/\">Golfkarren openbare weg<\/a> | <a href=\"http:\/\/golfkarkopen.be\/frans\/huur-een-elektrische-golfkar\/\">Golfkar kopen<\/a> | <a href=\"http:\/\/golfkarkopen.be\/frans\/huur-een-elektrische-golfkar\/\">LSV<\/a> | <a href=\"http:\/\/golfkarkopen.be\/frans\/event-verhuur\/\">Nummerplaat<\/a> | <a href=\"http:\/\/golfkarkopen.be\/frans\/contact\/\">Parkeerticket<\/a> | <a href=\"http:\/\/golfkarkopen.be\/frans\/\">Elektrisch rijden<\/a> | <a href=\"http:\/\/golfkarkopen.be\/frans\/huur-een-elektrische-golfkar\/\">CO2 uitstoot<\/a> | <a href=\"http:\/\/golfkarkopen.be\/frans\/event-verhuur\/\">DIV<\/a> | <a href=\"http:\/\/golfkarkopen.be\/frans\/event-verhuur\/\">belasting op inverkeerstelling<\/a> | <a href=\"http:\/\/golfkarkopen.be\/frans\/event-verhuur\/\">100% fiscaal aftrekbaar<\/a> | <a href=\"http:\/\/golfkarkopen.be\/frans\/huur-een-elektrische-golfkar\/\">Carrito de Golf<\/a> | <a href=\"http:\/\/golfkarkopen.be\/frans\/nederlands-kenteken\/\">Marbella<\/a> | <a href=\"http:\/\/golfkarkopen.be\/frans\/nederlands-kenteken\/\">Puerto Banus<\/a> | <a href=\"http:\/\/golfkarkopen.be\/frans\/event-verhuur\/\">Certificate of Conformity<\/a> | <a href=\"http:\/\/golfkarkopen.be\/frans\/huur-een-elektrische-golfkar\/\">Spanje<\/a> | <a href=\"http:\/\/golfkarkopen.be\/frans\/huur-een-elektrische-golfkar\/\">Duitsland<\/a> | <a href=\"http:\/\/golfkarkopen.be\/frans\/huur-een-elektrische-golfkar\/\">Tr\u00e1fico<\/a> | <a href=\"http:\/\/golfkarkopen.be\/frans\/event-verhuur\/\">TUV<\/a> | <a href=\"http:\/\/golfkarkopen.be\/frans\/\">Eurocarinvest<\/a> I <a href=\"http:\/\/golfkarkopen.be\/frans\/huur-een-elektrische-golfkar\/\">Invest-Mobile bvba<\/a> I <a href=\"http:\/\/golfkarkopen.be\/frans\/event-verhuur\/\">park-drive<\/a> I <a href=\"http:\/\/golfkarkopen.be\/frans\/event-verhuur\/\">Kentekengolfplaat golfkar<\/a> I <a href=\"http:\/\/golfkarkopen.be\/frans\/prijzen\/\">Gebruikte golfkarren<\/a> I <a href=\"http:\/\/golfkarkopen.be\/frans\/nederlands-kenteken\/\">LSV<\/a> I <a href=\"http:\/\/golfkarkopen.be\/frans\/nederlands-kenteken\/\">Low Speed Vehicle<\/a> I <a href=\"http:\/\/golfkarkopen.be\/frans\/\">Knokke-Heist<\/a> I <a href=\"http:\/\/golfkarkopen.be\/frans\/\">Fluisterkar<\/a> I <a href=\"http:\/\/golfkarkopen.be\/frans\/nederlands-kenteken\/\">Carrito de Golf<\/a> I <a href=\"http:\/\/golfkarkopen.be\/frans\/\">Rijden op straat<\/a> I <a href=\"http:\/\/golfkarkopen.be\/frans\/nederlands-kenteken\/\">Street legal golf carts<\/a> I <a href=\"http:\/\/golfkarkopen.be\/frans\/keuring-en-export\/\">inspecci\u00f3n t\u00e9cnica de veh\u00edculos<\/a><\/small><\/p>\n<\/div><\/section>\n","protected":false},"excerpt":{"rendered":"","protected":false},"author":1,"featured_media":0,"parent":0,"menu_order":0,"comment_status":"open","ping_status":"open","template":"","meta":{"footnotes":""},"yoast_head":"<!-- This site is optimized with the Yoast SEO plugin v22.0 - https:\/\/yoast.com\/wordpress\/plugins\/seo\/ -->\n<title>Acheter une Golfcar | Golfkar kopen<\/title>\n<meta name=\"description\" content=\"Met een golfkar (golfwagen) mag u niet op de openbare weg rijden. Een golfkar voldoet niet aan de eisen van de Regeling voertuigen. Een golfkar met nummerplaat mag wel op de openbare weg. Rijden met een golfkar is fluisterstil en trendy en goedkoop golfkarren op de openbare weg. Ieder voertuig dat zich op de openbare weg begeeft, is verplicht een verzekering te nemen indien men deelneemt aan het verkeer. De huurprijs inclusief borgsom moet voldaan zijn v\u00f3\u00f3r het ingaan van de verhuurperiode anders worden de voertuigen niet afgeleverd door invest-mobile . Een golfkar is een elektrisch aangedreven wagen bestemd voor golfbanen. Alle elektrische golfkarren moeten dus voldoen aan de Europese regels voor het rijden op de openbare weg met nummerplaat.\" \/>\n<meta name=\"robots\" content=\"index, follow, max-snippet:-1, max-image-preview:large, max-video-preview:-1\" \/>\n<link rel=\"canonical\" href=\"https:\/\/golfkarkopen.be\/frans\/huur-een-elektrische-golfkar\/\" \/>\n<meta property=\"og:locale\" content=\"nl_NL\" \/>\n<meta property=\"og:type\" content=\"article\" \/>\n<meta property=\"og:title\" content=\"Acheter une Golfcar | Golfkar kopen\" \/>\n<meta property=\"og:description\" content=\"Met een golfkar (golfwagen) mag u niet op de openbare weg rijden. Een golfkar voldoet niet aan de eisen van de Regeling voertuigen. Een golfkar met nummerplaat mag wel op de openbare weg. Rijden met een golfkar is fluisterstil en trendy en goedkoop golfkarren op de openbare weg. Ieder voertuig dat zich op de openbare weg begeeft, is verplicht een verzekering te nemen indien men deelneemt aan het verkeer. De huurprijs inclusief borgsom moet voldaan zijn v\u00f3\u00f3r het ingaan van de verhuurperiode anders worden de voertuigen niet afgeleverd door invest-mobile . Een golfkar is een elektrisch aangedreven wagen bestemd voor golfbanen. Alle elektrische golfkarren moeten dus voldoen aan de Europese regels voor het rijden op de openbare weg met nummerplaat.\" \/>\n<meta property=\"og:url\" content=\"https:\/\/golfkarkopen.be\/frans\/huur-een-elektrische-golfkar\/\" \/>\n<meta property=\"og:site_name\" content=\"Huurgolfkar.nl\" \/>\n<meta property=\"article:modified_time\" content=\"2017-04-07T14:45:04+00:00\" \/>\n<meta name=\"twitter:card\" content=\"summary_large_image\" \/>\n<meta name=\"twitter:label1\" content=\"Geschatte leestijd\" \/>\n\t<meta name=\"twitter:data1\" content=\"3 minuten\" \/>\n<script type=\"application\/ld+json\" class=\"yoast-schema-graph\">{\"@context\":\"https:\/\/schema.org\",\"@graph\":[{\"@type\":\"WebPage\",\"@id\":\"https:\/\/golfkarkopen.be\/frans\/huur-een-elektrische-golfkar\/\",\"url\":\"https:\/\/golfkarkopen.be\/frans\/huur-een-elektrische-golfkar\/\",\"name\":\"Acheter une Golfcar | Golfkar kopen\",\"isPartOf\":{\"@id\":\"https:\/\/golfkarkopen.be\/frans\/#website\"},\"datePublished\":\"2015-04-30T11:53:29+00:00\",\"dateModified\":\"2017-04-07T14:45:04+00:00\",\"description\":\"Met een golfkar (golfwagen) mag u niet op de openbare weg rijden. Een golfkar voldoet niet aan de eisen van de Regeling voertuigen. Een golfkar met nummerplaat mag wel op de openbare weg. Rijden met een golfkar is fluisterstil en trendy en goedkoop golfkarren op de openbare weg. Ieder voertuig dat zich op de openbare weg begeeft, is verplicht een verzekering te nemen indien men deelneemt aan het verkeer. De huurprijs inclusief borgsom moet voldaan zijn v\u00f3\u00f3r het ingaan van de verhuurperiode anders worden de voertuigen niet afgeleverd door invest-mobile . Een golfkar is een elektrisch aangedreven wagen bestemd voor golfbanen. Alle elektrische golfkarren moeten dus voldoen aan de Europese regels voor het rijden op de openbare weg met nummerplaat.\",\"breadcrumb\":{\"@id\":\"https:\/\/golfkarkopen.be\/frans\/huur-een-elektrische-golfkar\/#breadcrumb\"},\"inLanguage\":\"nl-NL\",\"potentialAction\":[{\"@type\":\"ReadAction\",\"target\":[\"https:\/\/golfkarkopen.be\/frans\/huur-een-elektrische-golfkar\/\"]}]},{\"@type\":\"BreadcrumbList\",\"@id\":\"https:\/\/golfkarkopen.be\/frans\/huur-een-elektrische-golfkar\/#breadcrumb\",\"itemListElement\":[{\"@type\":\"ListItem\",\"position\":1,\"name\":\"Home\",\"item\":\"https:\/\/golfkarkopen.be\/frans\/\"},{\"@type\":\"ListItem\",\"position\":2,\"name\":\"Acheter une Golfcar\"}]},{\"@type\":\"WebSite\",\"@id\":\"https:\/\/golfkarkopen.be\/frans\/#website\",\"url\":\"https:\/\/golfkarkopen.be\/frans\/\",\"name\":\"Huurgolfkar.nl\",\"description\":\"\",\"potentialAction\":[{\"@type\":\"SearchAction\",\"target\":{\"@type\":\"EntryPoint\",\"urlTemplate\":\"https:\/\/golfkarkopen.be\/frans\/?s={search_term_string}\"},\"query-input\":\"required name=search_term_string\"}],\"inLanguage\":\"nl-NL\"}]}<\/script>\n<!-- \/ Yoast SEO plugin. -->","yoast_head_json":{"title":"Acheter une Golfcar | Golfkar kopen","description":"Met een golfkar (golfwagen) mag u niet op de openbare weg rijden. Een golfkar voldoet niet aan de eisen van de Regeling voertuigen. Een golfkar met nummerplaat mag wel op de openbare weg. Rijden met een golfkar is fluisterstil en trendy en goedkoop golfkarren op de openbare weg. Ieder voertuig dat zich op de openbare weg begeeft, is verplicht een verzekering te nemen indien men deelneemt aan het verkeer. De huurprijs inclusief borgsom moet voldaan zijn v\u00f3\u00f3r het ingaan van de verhuurperiode anders worden de voertuigen niet afgeleverd door invest-mobile . Een golfkar is een elektrisch aangedreven wagen bestemd voor golfbanen. Alle elektrische golfkarren moeten dus voldoen aan de Europese regels voor het rijden op de openbare weg met nummerplaat.","robots":{"index":"index","follow":"follow","max-snippet":"max-snippet:-1","max-image-preview":"max-image-preview:large","max-video-preview":"max-video-preview:-1"},"canonical":"https:\/\/golfkarkopen.be\/frans\/huur-een-elektrische-golfkar\/","og_locale":"nl_NL","og_type":"article","og_title":"Acheter une Golfcar | Golfkar kopen","og_description":"Met een golfkar (golfwagen) mag u niet op de openbare weg rijden. Een golfkar voldoet niet aan de eisen van de Regeling voertuigen. Een golfkar met nummerplaat mag wel op de openbare weg. Rijden met een golfkar is fluisterstil en trendy en goedkoop golfkarren op de openbare weg. Ieder voertuig dat zich op de openbare weg begeeft, is verplicht een verzekering te nemen indien men deelneemt aan het verkeer. De huurprijs inclusief borgsom moet voldaan zijn v\u00f3\u00f3r het ingaan van de verhuurperiode anders worden de voertuigen niet afgeleverd door invest-mobile . Een golfkar is een elektrisch aangedreven wagen bestemd voor golfbanen. Alle elektrische golfkarren moeten dus voldoen aan de Europese regels voor het rijden op de openbare weg met nummerplaat.","og_url":"https:\/\/golfkarkopen.be\/frans\/huur-een-elektrische-golfkar\/","og_site_name":"Huurgolfkar.nl","article_modified_time":"2017-04-07T14:45:04+00:00","twitter_card":"summary_large_image","twitter_misc":{"Geschatte leestijd":"3 minuten"},"schema":{"@context":"https:\/\/schema.org","@graph":[{"@type":"WebPage","@id":"https:\/\/golfkarkopen.be\/frans\/huur-een-elektrische-golfkar\/","url":"https:\/\/golfkarkopen.be\/frans\/huur-een-elektrische-golfkar\/","name":"Acheter une Golfcar | Golfkar kopen","isPartOf":{"@id":"https:\/\/golfkarkopen.be\/frans\/#website"},"datePublished":"2015-04-30T11:53:29+00:00","dateModified":"2017-04-07T14:45:04+00:00","description":"Met een golfkar (golfwagen) mag u niet op de openbare weg rijden. Een golfkar voldoet niet aan de eisen van de Regeling voertuigen. Een golfkar met nummerplaat mag wel op de openbare weg. Rijden met een golfkar is fluisterstil en trendy en goedkoop golfkarren op de openbare weg. Ieder voertuig dat zich op de openbare weg begeeft, is verplicht een verzekering te nemen indien men deelneemt aan het verkeer. De huurprijs inclusief borgsom moet voldaan zijn v\u00f3\u00f3r het ingaan van de verhuurperiode anders worden de voertuigen niet afgeleverd door invest-mobile . Een golfkar is een elektrisch aangedreven wagen bestemd voor golfbanen. Alle elektrische golfkarren moeten dus voldoen aan de Europese regels voor het rijden op de openbare weg met nummerplaat.","breadcrumb":{"@id":"https:\/\/golfkarkopen.be\/frans\/huur-een-elektrische-golfkar\/#breadcrumb"},"inLanguage":"nl-NL","potentialAction":[{"@type":"ReadAction","target":["https:\/\/golfkarkopen.be\/frans\/huur-een-elektrische-golfkar\/"]}]},{"@type":"BreadcrumbList","@id":"https:\/\/golfkarkopen.be\/frans\/huur-een-elektrische-golfkar\/#breadcrumb","itemListElement":[{"@type":"ListItem","position":1,"name":"Home","item":"https:\/\/golfkarkopen.be\/frans\/"},{"@type":"ListItem","position":2,"name":"Acheter une Golfcar"}]},{"@type":"WebSite","@id":"https:\/\/golfkarkopen.be\/frans\/#website","url":"https:\/\/golfkarkopen.be\/frans\/","name":"Huurgolfkar.nl","description":"","potentialAction":[{"@type":"SearchAction","target":{"@type":"EntryPoint","urlTemplate":"https:\/\/golfkarkopen.be\/frans\/?s={search_term_string}"},"query-input":"required name=search_term_string"}],"inLanguage":"nl-NL"}]}},"_links":{"self":[{"href":"https:\/\/golfkarkopen.be\/frans\/wp-json\/wp\/v2\/pages\/6"}],"collection":[{"href":"https:\/\/golfkarkopen.be\/frans\/wp-json\/wp\/v2\/pages"}],"about":[{"href":"https:\/\/golfkarkopen.be\/frans\/wp-json\/wp\/v2\/types\/page"}],"author":[{"embeddable":true,"href":"https:\/\/golfkarkopen.be\/frans\/wp-json\/wp\/v2\/users\/1"}],"replies":[{"embeddable":true,"href":"https:\/\/golfkarkopen.be\/frans\/wp-json\/wp\/v2\/comments?post=6"}],"version-history":[{"count":12,"href":"https:\/\/golfkarkopen.be\/frans\/wp-json\/wp\/v2\/pages\/6\/revisions"}],"predecessor-version":[{"id":205,"href":"https:\/\/golfkarkopen.be\/frans\/wp-json\/wp\/v2\/pages\/6\/revisions\/205"}],"wp:attachment":[{"href":"https:\/\/golfkarkopen.be\/frans\/wp-json\/wp\/v2\/media?parent=6"}],"curies":[{"name":"wp","href":"https:\/\/api.w.org\/{rel}","templated":true}]}}