{"id":4,"date":"2015-04-30T12:53:19","date_gmt":"2015-04-30T11:53:19","guid":{"rendered":"http:\/\/golfkarkopen.be\/frans\/?page_id=4"},"modified":"2017-04-07T15:44:42","modified_gmt":"2017-04-07T14:44:42","slug":"met-golfkar-rondtoeren-in-zeeland","status":"publish","type":"page","link":"https:\/\/golfkarkopen.be\/frans\/","title":{"rendered":"Golfcar sur la voie publique"},"content":{"rendered":"\n<style type=\"text\/css\" data-created_by=\"avia_inline_auto\" id=\"style-css-av-av_image-d811aa1a663e441812170ae3a4c1d12a\">\n.avia-image-container.av-av_image-d811aa1a663e441812170ae3a4c1d12a img.avia_image{\nbox-shadow:none;\n}\n.avia-image-container.av-av_image-d811aa1a663e441812170ae3a4c1d12a .av-image-caption-overlay-center{\ncolor:#ffffff;\n}\n<\/style>\n<div  class='avia-image-container av-av_image-d811aa1a663e441812170ae3a4c1d12a av-styling- avia-align-center  avia-builder-el-0  el_before_av_hr  avia-builder-el-first '   itemprop=\"image\" itemscope=\"itemscope\" itemtype=\"https:\/\/schema.org\/ImageObject\" ><div class=\"avia-image-container-inner\"><div class=\"avia-image-overlay-wrap\"><img decoding=\"async\" class='wp-image-172 avia-img-lazy-loading-not-172 avia_image ' src=\"https:\/\/golfkarkopen.be\/frans\/wp-content\/uploads\/2015\/04\/1.jpg\" alt='' title='1'  height=\"200\" width=\"960\"  itemprop=\"thumbnailUrl\" srcset=\"https:\/\/golfkarkopen.be\/frans\/wp-content\/uploads\/2015\/04\/1.jpg 960w, https:\/\/golfkarkopen.be\/frans\/wp-content\/uploads\/2015\/04\/1-300x63.jpg 300w, https:\/\/golfkarkopen.be\/frans\/wp-content\/uploads\/2015\/04\/1-705x147.jpg 705w, https:\/\/golfkarkopen.be\/frans\/wp-content\/uploads\/2015\/04\/1-450x94.jpg 450w\" sizes=\"(max-width: 960px) 100vw, 960px\" \/><\/div><\/div><\/div>\n\n<style type=\"text\/css\" data-created_by=\"avia_inline_auto\" id=\"style-css-av-av_hr-ee2847e2e025ce3d30801259a03f9fd4\">\n#top .hr.hr-invisible.av-av_hr-ee2847e2e025ce3d30801259a03f9fd4{\nheight:10px;\n}\n<\/style>\n<div  class='hr av-av_hr-ee2847e2e025ce3d30801259a03f9fd4 hr-invisible  avia-builder-el-1  el_after_av_image  el_before_av_three_fifth '><span class='hr-inner '><span class=\"hr-inner-style\"><\/span><\/span><\/div>\n<div  class='flex_column av-av_three_fifth-2a9015ff38129c418a3f2eafba3e9512 av_three_fifth  avia-builder-el-2  el_after_av_hr  el_before_av_two_fifth  first flex_column_div  '     ><section  class='av_textblock_section av-av_textblock-0366cc7376be6c9e82a3e9cc8987b64f '   itemscope=\"itemscope\" itemtype=\"https:\/\/schema.org\/CreativeWork\" ><div class='avia_textblock'  itemprop=\"text\" ><h1>La voiturette de golf \u00e9lectrique sur la voie publique<\/h1>\n<p>Aujourd\u2019hui, <strong>les voiturettes de golf \u00e9lectriques<\/strong> sur la <strong>voie publique<\/strong> sont mati\u00e8re \u00e0 discussion. Par le biais de ce site, nous souhaitons vous fournir des informations pratiques et actuelles sans engagement aucun avant que <a href=\"http:\/\/golfkarkopen.be\/frans\/huur-een-elektrische-golfkar\/\">vous n\u2019achetiez une voiturette de golf.<\/a><\/p>\n<p>A l\u2019heure actuelle, 95 % <strong>des voiturettes de golf \u00e9lectriques<\/strong> en Europe sont entre autres utilis\u00e9es sur <strong>la voie publique<\/strong> et circulent en g\u00e9n\u00e9ral en agglom\u00e9ration. Qui sont les utilisateurs de ces <strong>v\u00e9hicules \u00e9lectriques<\/strong>, que l\u2019on surnomme <strong>voiturette de golf<\/strong>, <strong>fluisterkar<\/strong> ou <strong>carrito de golf<\/strong> permettant de rouler dans la rue ?<\/p>\n<hr \/>\n<h1>Usagers<\/h1>\n<p>&#8211; Les services d\u2019entretien de jardins et parcs communaux, les fonctionnaires environnementaux<br \/>\n&#8211; Les \u00e9coles dans le cadre du covoiturage<br \/>\n&#8211; Les soci\u00e9t\u00e9s \u00e9v\u00e9nementielles<br \/>\n&#8211; Les organisations de parking Park-drive<br \/>\n&#8211; Effectuer le trajet entre le travail et le domicile<br \/>\n&#8211; Les maisons de retraite<br \/>\n&#8211; L\u2019industrie<br \/>\n&#8211; Les agences immobili\u00e8res<br \/>\n&#8211; Les personnes \u00e2g\u00e9es<br \/>\n&#8211; L\u2019industrie du tourisme<\/p>\n<\/div><\/section><br \/>\n<section  class='av_textblock_section av-av_textblock-0366cc7376be6c9e82a3e9cc8987b64f '   itemscope=\"itemscope\" itemtype=\"https:\/\/schema.org\/CreativeWork\" ><div class='avia_textblock'  itemprop=\"text\" ><div style=\"width: 640px;\" class=\"wp-video\"><!--[if lt IE 9]><script>document.createElement('video');<\/script><![endif]-->\n<video class=\"wp-video-shortcode\" id=\"video-4-1\" width=\"640\" height=\"360\" poster=\"http:\/\/electric-garia.com\/wp-content\/uploads\/2017\/04\/2.jpg\" preload=\"metadata\" controls=\"controls\"><source type=\"video\/mp4\" src=\"http:\/\/www.electric-garia.com\/Clip2.mp4?_=1\" \/><a href=\"http:\/\/www.electric-garia.com\/Clip2.mp4\">http:\/\/www.electric-garia.com\/Clip2.mp4<\/a><\/video><\/div>\n<\/div><\/section><br \/>\n<section  class='av_textblock_section av-av_textblock-0366cc7376be6c9e82a3e9cc8987b64f '   itemscope=\"itemscope\" itemtype=\"https:\/\/schema.org\/CreativeWork\" ><div class='avia_textblock'  itemprop=\"text\" ><p><iframe loading=\"lazy\" src=\"https:\/\/www.youtube.com\/embed\/kncMbVcN04Q\" width=\"560\" height=\"315\" frameborder=\"0\" allowfullscreen=\"allowfullscreen\"><\/iframe><\/p>\n<\/div><\/section><br \/>\n<section  class='av_textblock_section av-av_textblock-0366cc7376be6c9e82a3e9cc8987b64f '   itemscope=\"itemscope\" itemtype=\"https:\/\/schema.org\/CreativeWork\" ><div class='avia_textblock'  itemprop=\"text\" ><p><iframe loading=\"lazy\" src=\"https:\/\/www.youtube.com\/embed\/HS0dF0eS01s\" width=\"560\" height=\"315\" frameborder=\"0\" allowfullscreen=\"allowfullscreen\"><\/iframe><\/p>\n<\/div><\/section><br \/>\n<section  class='av_textblock_section av-av_textblock-0366cc7376be6c9e82a3e9cc8987b64f '   itemscope=\"itemscope\" itemtype=\"https:\/\/schema.org\/CreativeWork\" ><div class='avia_textblock'  itemprop=\"text\" ><p><iframe loading=\"lazy\" src=\"https:\/\/www.youtube.com\/embed\/OabmZuJyZGE\" width=\"560\" height=\"315\" frameborder=\"0\" allowfullscreen=\"allowfullscreen\"><\/iframe><\/p>\n<\/div><\/section><\/p><\/div><div  class='flex_column av-av_two_fifth-451a2e1d84e44e4dad6926b71f4b5553 av_two_fifth  avia-builder-el-8  el_after_av_three_fifth  el_before_av_textblock  flex_column_div  '     ><style type=\"text\/css\" data-created_by=\"avia_inline_auto\" id=\"style-css-av-av_image-87ae8c237be97d13180f532937cc099a\">\n.avia-image-container.av-av_image-87ae8c237be97d13180f532937cc099a img.avia_image{\nbox-shadow:none;\n}\n.avia-image-container.av-av_image-87ae8c237be97d13180f532937cc099a .av-image-caption-overlay-center{\ncolor:#ffffff;\n}\n<\/style>\n<div  class='avia-image-container av-av_image-87ae8c237be97d13180f532937cc099a av-styling- avia-align-center  avia-builder-el-9  avia-builder-el-no-sibling '   itemprop=\"image\" itemscope=\"itemscope\" itemtype=\"https:\/\/schema.org\/ImageObject\" ><div class=\"avia-image-container-inner\"><div class=\"avia-image-overlay-wrap\"><img decoding=\"async\" class='wp-image-102 avia-img-lazy-loading-not-102 avia_image ' src=\"https:\/\/golfkarkopen.be\/frans\/wp-content\/uploads\/2015\/04\/homepics.png\" alt='' title='homepics'  height=\"500\" width=\"390\"  itemprop=\"thumbnailUrl\" srcset=\"https:\/\/golfkarkopen.be\/frans\/wp-content\/uploads\/2015\/04\/homepics.png 390w, https:\/\/golfkarkopen.be\/frans\/wp-content\/uploads\/2015\/04\/homepics-234x300.png 234w\" sizes=\"(max-width: 390px) 100vw, 390px\" \/><\/div><\/div><\/div><\/div><\/p>\n<section  class='av_textblock_section av-av_textblock-0366cc7376be6c9e82a3e9cc8987b64f '   itemscope=\"itemscope\" itemtype=\"https:\/\/schema.org\/CreativeWork\" ><div class='avia_textblock'  itemprop=\"text\" ><hr \/>\n<h1>Un succ\u00e8s grandissant<\/h1>\n<p>En parcourant l\u2019\u00e9num\u00e9ration ci-dessus, vous aurez constat\u00e9 que l\u2019\u00e9poque o\u00f9 les <strong>voiturettes de golf<\/strong> \u00e9taient uniquement utilis\u00e9es dans les stations baln\u00e9aires est r\u00e9volue. Dans l\u2019arri\u00e8re-pays de plusieurs pays europ\u00e9ens, l\u2019on constate le succ\u00e8s grandissant des voiturettes de golf. De nombreuses personnes poss\u00e9dant une seconde r\u00e9sidence prennent aujourd\u2019hui une <strong>voiturette de golf<\/strong> immatricul\u00e9e comme un v\u00e9hicule. Actuellement, il existe 5 Concept stores en Europe sp\u00e9cialis\u00e9s dans ses voiturettes de golf\/lsv. Le visiteur peut y voir et tester le produit en direct.<\/p>\n<\/div><\/section>\n<section  class='av_textblock_section av-av_textblock-0366cc7376be6c9e82a3e9cc8987b64f '   itemscope=\"itemscope\" itemtype=\"https:\/\/schema.org\/CreativeWork\" ><div class='avia_textblock'  itemprop=\"text\" ><hr \/>\n<p><small><a href=\"http:\/\/golfkarkopen.be\/frans\/\">Elektrische Voertuigen<\/a> | <a href=\"http:\/\/golfkarkopen.be\/frans\/\">Elektrische Golfkarren<\/a> | <a href=\"http:\/\/golfkarkopen.be\/frans\/\">Golfkarren openbare weg<\/a> | <a href=\"http:\/\/golfkarkopen.be\/frans\/huur-een-elektrische-golfkar\/\">Golfkar kopen<\/a> | <a href=\"http:\/\/golfkarkopen.be\/frans\/huur-een-elektrische-golfkar\/\">LSV<\/a> | <a href=\"http:\/\/golfkarkopen.be\/frans\/event-verhuur\/\">Nummerplaat<\/a> | <a href=\"http:\/\/golfkarkopen.be\/frans\/contact\/\">Parkeerticket<\/a> | <a href=\"http:\/\/golfkarkopen.be\/frans\/\">Elektrisch rijden<\/a> | <a href=\"http:\/\/golfkarkopen.be\/frans\/huur-een-elektrische-golfkar\/\">CO2 uitstoot<\/a> | <a href=\"http:\/\/golfkarkopen.be\/frans\/event-verhuur\/\">DIV<\/a> | <a href=\"http:\/\/golfkarkopen.be\/frans\/event-verhuur\/\">belasting op inverkeerstelling<\/a> | <a href=\"http:\/\/golfkarkopen.be\/frans\/event-verhuur\/\">100% fiscaal aftrekbaar<\/a> | <a href=\"http:\/\/golfkarkopen.be\/frans\/huur-een-elektrische-golfkar\/\">Carrito de Golf<\/a> | <a href=\"http:\/\/golfkarkopen.be\/frans\/nederlands-kenteken\/\">Marbella<\/a> | <a href=\"http:\/\/golfkarkopen.be\/frans\/nederlands-kenteken\/\">Puerto Banus<\/a> | <a href=\"http:\/\/golfkarkopen.be\/frans\/event-verhuur\/\">Certificate of Conformity<\/a> | <a href=\"http:\/\/golfkarkopen.be\/frans\/huur-een-elektrische-golfkar\/\">Spanje<\/a> | <a href=\"http:\/\/golfkarkopen.be\/frans\/huur-een-elektrische-golfkar\/\">Duitsland<\/a> | <a href=\"http:\/\/golfkarkopen.be\/frans\/huur-een-elektrische-golfkar\/\">Tr\u00e1fico<\/a> | <a href=\"http:\/\/golfkarkopen.be\/frans\/event-verhuur\/\">TUV<\/a> | <a href=\"http:\/\/golfkarkopen.be\/frans\/\">Eurocarinvest<\/a> I <a href=\"http:\/\/golfkarkopen.be\/frans\/huur-een-elektrische-golfkar\/\">Invest-Mobile bvba<\/a> I <a href=\"http:\/\/golfkarkopen.be\/frans\/event-verhuur\/\">park-drive<\/a> I <a href=\"http:\/\/golfkarkopen.be\/frans\/event-verhuur\/\">Kentekengolfplaat golfkar<\/a> I <a href=\"http:\/\/golfkarkopen.be\/frans\/prijzen\/\">Gebruikte golfkarren<\/a> I <a href=\"http:\/\/golfkarkopen.be\/frans\/nederlands-kenteken\/\">LSV<\/a> I <a href=\"http:\/\/golfkarkopen.be\/frans\/nederlands-kenteken\/\">Low Speed Vehicle<\/a> I <a href=\"http:\/\/golfkarkopen.be\/frans\/\">Knokke-Heist<\/a> I <a href=\"http:\/\/golfkarkopen.be\/frans\/\">Fluisterkar<\/a> I <a href=\"http:\/\/golfkarkopen.be\/frans\/nederlands-kenteken\/\">Carrito de Golf<\/a> I <a href=\"http:\/\/golfkarkopen.be\/frans\/\">Rijden op straat<\/a> I <a href=\"http:\/\/golfkarkopen.be\/frans\/nederlands-kenteken\/\">Street legal golf carts<\/a> I <a href=\"http:\/\/golfkarkopen.be\/frans\/keuring-en-export\/\">inspecci\u00f3n t\u00e9cnica de veh\u00edculos<\/a><\/small><\/p>\n<\/div><\/section>\n","protected":false},"excerpt":{"rendered":"","protected":false},"author":1,"featured_media":0,"parent":0,"menu_order":0,"comment_status":"open","ping_status":"open","template":"","meta":{"footnotes":""},"yoast_head":"<!-- This site is optimized with the Yoast SEO plugin v22.0 - https:\/\/yoast.com\/wordpress\/plugins\/seo\/ -->\n<title>Golfcar sur la voie publique | Golfkar kopen<\/title>\n<meta name=\"description\" content=\"Met een golfkar (golfwagen) mag u niet op de openbare weg rijden. Een golfkar voldoet niet aan de eisen van de Regeling voertuigen. Een golfkar met nummerplaat mag wel op de openbare weg. Rijden met een golfkar is fluisterstil en trendy en goedkoop golfkarren op de openbare weg. Ieder voertuig dat zich op de openbare weg begeeft, is verplicht een verzekering te nemen indien men deelneemt aan het verkeer. De huurprijs inclusief borgsom moet voldaan zijn v\u00f3\u00f3r het ingaan van de verhuurperiode anders worden de voertuigen niet afgeleverd door invest-mobile . Een golfkar is een elektrisch aangedreven wagen bestemd voor golfbanen. Alle elektrische golfkarren moeten dus voldoen aan de Europese regels voor het rijden op de openbare weg met nummerplaat.\" \/>\n<meta name=\"robots\" content=\"index, follow, max-snippet:-1, max-image-preview:large, max-video-preview:-1\" \/>\n<link rel=\"canonical\" href=\"https:\/\/golfkarkopen.be\/frans\/\" \/>\n<meta property=\"og:locale\" content=\"nl_NL\" \/>\n<meta property=\"og:type\" content=\"article\" \/>\n<meta property=\"og:title\" content=\"Golfcar sur la voie publique | Golfkar kopen\" \/>\n<meta property=\"og:description\" content=\"Met een golfkar (golfwagen) mag u niet op de openbare weg rijden. Een golfkar voldoet niet aan de eisen van de Regeling voertuigen. Een golfkar met nummerplaat mag wel op de openbare weg. Rijden met een golfkar is fluisterstil en trendy en goedkoop golfkarren op de openbare weg. Ieder voertuig dat zich op de openbare weg begeeft, is verplicht een verzekering te nemen indien men deelneemt aan het verkeer. De huurprijs inclusief borgsom moet voldaan zijn v\u00f3\u00f3r het ingaan van de verhuurperiode anders worden de voertuigen niet afgeleverd door invest-mobile . Een golfkar is een elektrisch aangedreven wagen bestemd voor golfbanen. Alle elektrische golfkarren moeten dus voldoen aan de Europese regels voor het rijden op de openbare weg met nummerplaat.\" \/>\n<meta property=\"og:url\" content=\"https:\/\/golfkarkopen.be\/frans\/\" \/>\n<meta property=\"og:site_name\" content=\"Huurgolfkar.nl\" \/>\n<meta property=\"article:modified_time\" content=\"2017-04-07T14:44:42+00:00\" \/>\n<meta name=\"twitter:card\" content=\"summary_large_image\" \/>\n<meta name=\"twitter:label1\" content=\"Geschatte leestijd\" \/>\n\t<meta name=\"twitter:data1\" content=\"3 minuten\" \/>\n<script type=\"application\/ld+json\" class=\"yoast-schema-graph\">{\"@context\":\"https:\/\/schema.org\",\"@graph\":[{\"@type\":\"WebPage\",\"@id\":\"https:\/\/golfkarkopen.be\/frans\/\",\"url\":\"https:\/\/golfkarkopen.be\/frans\/\",\"name\":\"Golfcar sur la voie publique | Golfkar kopen\",\"isPartOf\":{\"@id\":\"https:\/\/golfkarkopen.be\/frans\/#website\"},\"datePublished\":\"2015-04-30T11:53:19+00:00\",\"dateModified\":\"2017-04-07T14:44:42+00:00\",\"description\":\"Met een golfkar (golfwagen) mag u niet op de openbare weg rijden. Een golfkar voldoet niet aan de eisen van de Regeling voertuigen. Een golfkar met nummerplaat mag wel op de openbare weg. Rijden met een golfkar is fluisterstil en trendy en goedkoop golfkarren op de openbare weg. Ieder voertuig dat zich op de openbare weg begeeft, is verplicht een verzekering te nemen indien men deelneemt aan het verkeer. De huurprijs inclusief borgsom moet voldaan zijn v\u00f3\u00f3r het ingaan van de verhuurperiode anders worden de voertuigen niet afgeleverd door invest-mobile . Een golfkar is een elektrisch aangedreven wagen bestemd voor golfbanen. Alle elektrische golfkarren moeten dus voldoen aan de Europese regels voor het rijden op de openbare weg met nummerplaat.\",\"breadcrumb\":{\"@id\":\"https:\/\/golfkarkopen.be\/frans\/#breadcrumb\"},\"inLanguage\":\"nl-NL\",\"potentialAction\":[{\"@type\":\"ReadAction\",\"target\":[\"https:\/\/golfkarkopen.be\/frans\/\"]}]},{\"@type\":\"BreadcrumbList\",\"@id\":\"https:\/\/golfkarkopen.be\/frans\/#breadcrumb\",\"itemListElement\":[{\"@type\":\"ListItem\",\"position\":1,\"name\":\"Home\",\"item\":\"https:\/\/golfkarkopen.be\/frans\/\"},{\"@type\":\"ListItem\",\"position\":2,\"name\":\"Golfcar sur la voie publique\"}]},{\"@type\":\"WebSite\",\"@id\":\"https:\/\/golfkarkopen.be\/frans\/#website\",\"url\":\"https:\/\/golfkarkopen.be\/frans\/\",\"name\":\"Huurgolfkar.nl\",\"description\":\"\",\"potentialAction\":[{\"@type\":\"SearchAction\",\"target\":{\"@type\":\"EntryPoint\",\"urlTemplate\":\"https:\/\/golfkarkopen.be\/frans\/?s={search_term_string}\"},\"query-input\":\"required name=search_term_string\"}],\"inLanguage\":\"nl-NL\"}]}<\/script>\n<!-- \/ Yoast SEO plugin. -->","yoast_head_json":{"title":"Golfcar sur la voie publique | Golfkar kopen","description":"Met een golfkar (golfwagen) mag u niet op de openbare weg rijden. Een golfkar voldoet niet aan de eisen van de Regeling voertuigen. Een golfkar met nummerplaat mag wel op de openbare weg. Rijden met een golfkar is fluisterstil en trendy en goedkoop golfkarren op de openbare weg. Ieder voertuig dat zich op de openbare weg begeeft, is verplicht een verzekering te nemen indien men deelneemt aan het verkeer. De huurprijs inclusief borgsom moet voldaan zijn v\u00f3\u00f3r het ingaan van de verhuurperiode anders worden de voertuigen niet afgeleverd door invest-mobile . Een golfkar is een elektrisch aangedreven wagen bestemd voor golfbanen. Alle elektrische golfkarren moeten dus voldoen aan de Europese regels voor het rijden op de openbare weg met nummerplaat.","robots":{"index":"index","follow":"follow","max-snippet":"max-snippet:-1","max-image-preview":"max-image-preview:large","max-video-preview":"max-video-preview:-1"},"canonical":"https:\/\/golfkarkopen.be\/frans\/","og_locale":"nl_NL","og_type":"article","og_title":"Golfcar sur la voie publique | Golfkar kopen","og_description":"Met een golfkar (golfwagen) mag u niet op de openbare weg rijden. Een golfkar voldoet niet aan de eisen van de Regeling voertuigen. Een golfkar met nummerplaat mag wel op de openbare weg. Rijden met een golfkar is fluisterstil en trendy en goedkoop golfkarren op de openbare weg. Ieder voertuig dat zich op de openbare weg begeeft, is verplicht een verzekering te nemen indien men deelneemt aan het verkeer. De huurprijs inclusief borgsom moet voldaan zijn v\u00f3\u00f3r het ingaan van de verhuurperiode anders worden de voertuigen niet afgeleverd door invest-mobile . Een golfkar is een elektrisch aangedreven wagen bestemd voor golfbanen. Alle elektrische golfkarren moeten dus voldoen aan de Europese regels voor het rijden op de openbare weg met nummerplaat.","og_url":"https:\/\/golfkarkopen.be\/frans\/","og_site_name":"Huurgolfkar.nl","article_modified_time":"2017-04-07T14:44:42+00:00","twitter_card":"summary_large_image","twitter_misc":{"Geschatte leestijd":"3 minuten"},"schema":{"@context":"https:\/\/schema.org","@graph":[{"@type":"WebPage","@id":"https:\/\/golfkarkopen.be\/frans\/","url":"https:\/\/golfkarkopen.be\/frans\/","name":"Golfcar sur la voie publique | Golfkar kopen","isPartOf":{"@id":"https:\/\/golfkarkopen.be\/frans\/#website"},"datePublished":"2015-04-30T11:53:19+00:00","dateModified":"2017-04-07T14:44:42+00:00","description":"Met een golfkar (golfwagen) mag u niet op de openbare weg rijden. Een golfkar voldoet niet aan de eisen van de Regeling voertuigen. Een golfkar met nummerplaat mag wel op de openbare weg. Rijden met een golfkar is fluisterstil en trendy en goedkoop golfkarren op de openbare weg. Ieder voertuig dat zich op de openbare weg begeeft, is verplicht een verzekering te nemen indien men deelneemt aan het verkeer. De huurprijs inclusief borgsom moet voldaan zijn v\u00f3\u00f3r het ingaan van de verhuurperiode anders worden de voertuigen niet afgeleverd door invest-mobile . Een golfkar is een elektrisch aangedreven wagen bestemd voor golfbanen. Alle elektrische golfkarren moeten dus voldoen aan de Europese regels voor het rijden op de openbare weg met nummerplaat.","breadcrumb":{"@id":"https:\/\/golfkarkopen.be\/frans\/#breadcrumb"},"inLanguage":"nl-NL","potentialAction":[{"@type":"ReadAction","target":["https:\/\/golfkarkopen.be\/frans\/"]}]},{"@type":"BreadcrumbList","@id":"https:\/\/golfkarkopen.be\/frans\/#breadcrumb","itemListElement":[{"@type":"ListItem","position":1,"name":"Home","item":"https:\/\/golfkarkopen.be\/frans\/"},{"@type":"ListItem","position":2,"name":"Golfcar sur la voie publique"}]},{"@type":"WebSite","@id":"https:\/\/golfkarkopen.be\/frans\/#website","url":"https:\/\/golfkarkopen.be\/frans\/","name":"Huurgolfkar.nl","description":"","potentialAction":[{"@type":"SearchAction","target":{"@type":"EntryPoint","urlTemplate":"https:\/\/golfkarkopen.be\/frans\/?s={search_term_string}"},"query-input":"required name=search_term_string"}],"inLanguage":"nl-NL"}]}},"_links":{"self":[{"href":"https:\/\/golfkarkopen.be\/frans\/wp-json\/wp\/v2\/pages\/4"}],"collection":[{"href":"https:\/\/golfkarkopen.be\/frans\/wp-json\/wp\/v2\/pages"}],"about":[{"href":"https:\/\/golfkarkopen.be\/frans\/wp-json\/wp\/v2\/types\/page"}],"author":[{"embeddable":true,"href":"https:\/\/golfkarkopen.be\/frans\/wp-json\/wp\/v2\/users\/1"}],"replies":[{"embeddable":true,"href":"https:\/\/golfkarkopen.be\/frans\/wp-json\/wp\/v2\/comments?post=4"}],"version-history":[{"count":21,"href":"https:\/\/golfkarkopen.be\/frans\/wp-json\/wp\/v2\/pages\/4\/revisions"}],"predecessor-version":[{"id":204,"href":"https:\/\/golfkarkopen.be\/frans\/wp-json\/wp\/v2\/pages\/4\/revisions\/204"}],"wp:attachment":[{"href":"https:\/\/golfkarkopen.be\/frans\/wp-json\/wp\/v2\/media?parent=4"}],"curies":[{"name":"wp","href":"https:\/\/api.w.org\/{rel}","templated":true}]}}