{"id":4,"date":"2015-04-30T12:53:19","date_gmt":"2015-04-30T11:53:19","guid":{"rendered":"http:\/\/golfkarkopen.be\/engels\/?page_id=4"},"modified":"2017-04-07T15:49:03","modified_gmt":"2017-04-07T14:49:03","slug":"met-golfkar-rondtoeren-in-zeeland","status":"publish","type":"page","link":"https:\/\/golfkarkopen.be\/engels\/","title":{"rendered":"Golf cart on public roads"},"content":{"rendered":"\n<style type=\"text\/css\" data-created_by=\"avia_inline_auto\" id=\"style-css-av-av_image-d998e3aa7f8af7feea2be46c96e3a2a2\">\n.avia-image-container.av-av_image-d998e3aa7f8af7feea2be46c96e3a2a2 img.avia_image{\nbox-shadow:none;\n}\n.avia-image-container.av-av_image-d998e3aa7f8af7feea2be46c96e3a2a2 .av-image-caption-overlay-center{\ncolor:#ffffff;\n}\n<\/style>\n<div  class='avia-image-container av-av_image-d998e3aa7f8af7feea2be46c96e3a2a2 av-styling- avia-align-center  avia-builder-el-0  el_before_av_hr  avia-builder-el-first '   itemprop=\"image\" itemscope=\"itemscope\" itemtype=\"https:\/\/schema.org\/ImageObject\" ><div class=\"avia-image-container-inner\"><div class=\"avia-image-overlay-wrap\"><img decoding=\"async\" class='wp-image-183 avia-img-lazy-loading-not-183 avia_image ' src=\"https:\/\/golfkarkopen.be\/engels\/wp-content\/uploads\/2015\/04\/headerhome.jpg\" alt='' title='headerhome'  height=\"200\" width=\"960\"  itemprop=\"thumbnailUrl\" srcset=\"https:\/\/golfkarkopen.be\/engels\/wp-content\/uploads\/2015\/04\/headerhome.jpg 960w, https:\/\/golfkarkopen.be\/engels\/wp-content\/uploads\/2015\/04\/headerhome-300x63.jpg 300w, https:\/\/golfkarkopen.be\/engels\/wp-content\/uploads\/2015\/04\/headerhome-705x147.jpg 705w, https:\/\/golfkarkopen.be\/engels\/wp-content\/uploads\/2015\/04\/headerhome-450x94.jpg 450w\" sizes=\"(max-width: 960px) 100vw, 960px\" \/><\/div><\/div><\/div>\n\n<style type=\"text\/css\" data-created_by=\"avia_inline_auto\" id=\"style-css-av-av_hr-ee2847e2e025ce3d30801259a03f9fd4\">\n#top .hr.hr-invisible.av-av_hr-ee2847e2e025ce3d30801259a03f9fd4{\nheight:10px;\n}\n<\/style>\n<div  class='hr av-av_hr-ee2847e2e025ce3d30801259a03f9fd4 hr-invisible  avia-builder-el-1  el_after_av_image  el_before_av_three_fifth '><span class='hr-inner '><span class=\"hr-inner-style\"><\/span><\/span><\/div>\n<div  class='flex_column av-av_three_fifth-2a9015ff38129c418a3f2eafba3e9512 av_three_fifth  avia-builder-el-2  el_after_av_hr  el_before_av_two_fifth  first flex_column_div  '     ><section  class='av_textblock_section av-av_textblock-0366cc7376be6c9e82a3e9cc8987b64f '   itemscope=\"itemscope\" itemtype=\"https:\/\/schema.org\/CreativeWork\" ><div class='avia_textblock'  itemprop=\"text\" ><h1>Electric golf cart on public roads<\/h1>\n<p>Currently, there is much to do about <strong>electric golf carts<\/strong> on <strong>public roads<\/strong>. Through this website, we want to provide practical and up-to-date information about buying a golf cart without any strings attached.<\/p>\n<p>95% of all <strong>electric golf carts in Europe<\/strong> are currently also being used amongst other locations on <strong>public roads<\/strong> and are usually driven around urban areas. But who are the users of these <strong>electric vehicles<\/strong>, also known as <strong>Golf carts, Fluisterkar, Carrito de Golf<\/strong> used for driving on the street?<\/p>\n<hr \/>\n<h1>Users<\/h1>\n<p>&#8211; Municipal gardeners, environmental officials<br \/>\n&#8211; Schools for carpooling<br \/>\n&#8211; Event agencies<br \/>\n&#8211; Parking organizations Park Drive<br \/>\n&#8211; Commuters<br \/>\n&#8211; Retirement homes, institutions<br \/>\n&#8211; The industry<br \/>\n&#8211; Real estate offices<br \/>\n&#8211; Senior citizens<br \/>\n&#8211; Tourism industry<\/p>\n<\/div><\/section><br \/>\n<section  class='av_textblock_section av-av_textblock-0366cc7376be6c9e82a3e9cc8987b64f '   itemscope=\"itemscope\" itemtype=\"https:\/\/schema.org\/CreativeWork\" ><div class='avia_textblock'  itemprop=\"text\" ><div style=\"width: 640px;\" class=\"wp-video\"><!--[if lt IE 9]><script>document.createElement('video');<\/script><![endif]-->\n<video class=\"wp-video-shortcode\" id=\"video-4-1\" width=\"640\" height=\"360\" poster=\"http:\/\/electric-garia.com\/wp-content\/uploads\/2017\/04\/2.jpg\" preload=\"metadata\" controls=\"controls\"><source type=\"video\/mp4\" src=\"http:\/\/www.electric-garia.com\/Clip2.mp4?_=1\" \/><a href=\"http:\/\/www.electric-garia.com\/Clip2.mp4\">http:\/\/www.electric-garia.com\/Clip2.mp4<\/a><\/video><\/div>\n<\/div><\/section><br \/>\n<section  class='av_textblock_section av-av_textblock-0366cc7376be6c9e82a3e9cc8987b64f '   itemscope=\"itemscope\" itemtype=\"https:\/\/schema.org\/CreativeWork\" ><div class='avia_textblock'  itemprop=\"text\" ><p><iframe loading=\"lazy\" src=\"https:\/\/www.youtube.com\/embed\/HS0dF0eS01s\" width=\"560\" height=\"315\" frameborder=\"0\" allowfullscreen=\"allowfullscreen\"><\/iframe><\/p>\n<\/div><\/section><br \/>\n<section  class='av_textblock_section av-av_textblock-0366cc7376be6c9e82a3e9cc8987b64f '   itemscope=\"itemscope\" itemtype=\"https:\/\/schema.org\/CreativeWork\" ><div class='avia_textblock'  itemprop=\"text\" ><p><iframe loading=\"lazy\" src=\"https:\/\/www.youtube.com\/embed\/OabmZuJyZGE\" width=\"560\" height=\"315\" frameborder=\"0\" allowfullscreen=\"allowfullscreen\"><\/iframe><\/p>\n<\/div><\/section><\/p><\/div><div  class='flex_column av-av_two_fifth-451a2e1d84e44e4dad6926b71f4b5553 av_two_fifth  avia-builder-el-7  el_after_av_three_fifth  el_before_av_textblock  flex_column_div  '     ><style type=\"text\/css\" data-created_by=\"avia_inline_auto\" id=\"style-css-av-av_image-1226d50a0603ddf2654294df109f6729\">\n.avia-image-container.av-av_image-1226d50a0603ddf2654294df109f6729 img.avia_image{\nbox-shadow:none;\n}\n.avia-image-container.av-av_image-1226d50a0603ddf2654294df109f6729 .av-image-caption-overlay-center{\ncolor:#ffffff;\n}\n<\/style>\n<div  class='avia-image-container av-av_image-1226d50a0603ddf2654294df109f6729 av-styling- avia-align-center  avia-builder-el-8  avia-builder-el-no-sibling '   itemprop=\"image\" itemscope=\"itemscope\" itemtype=\"https:\/\/schema.org\/ImageObject\" ><div class=\"avia-image-container-inner\"><div class=\"avia-image-overlay-wrap\"><img decoding=\"async\" class='wp-image-102 avia-img-lazy-loading-not-102 avia_image ' src=\"https:\/\/golfkarkopen.be\/engels\/wp-content\/uploads\/2015\/04\/homepics.png\" alt='' title='homepics'  height=\"500\" width=\"390\"  itemprop=\"thumbnailUrl\" srcset=\"https:\/\/golfkarkopen.be\/engels\/wp-content\/uploads\/2015\/04\/homepics.png 390w, https:\/\/golfkarkopen.be\/engels\/wp-content\/uploads\/2015\/04\/homepics-234x300.png 234w\" sizes=\"(max-width: 390px) 100vw, 390px\" \/><\/div><\/div><\/div><\/div><\/p>\n<section  class='av_textblock_section av-av_textblock-0366cc7376be6c9e82a3e9cc8987b64f '   itemscope=\"itemscope\" itemtype=\"https:\/\/schema.org\/CreativeWork\" ><div class='avia_textblock'  itemprop=\"text\" ><hr \/>\n<h1>Upsurge<\/h1>\n<p>The list above clearly shows that the time of <strong>golf carts<\/strong> only being used in seaside resorts is over. Furthermore, several European countries have seen a rapid upsurge of <strong>golf carts<\/strong> inland as well. Also, many people with a second home nowadays have a registered golf cart as a means of transport. Currently there are 5 Concept Shops in Europe that are specialized in these golf carts\/LSV vehicles, where the consumer can test and see the product there and then.<\/p>\n<\/div><\/section>\n<section  class='av_textblock_section av-av_textblock-0366cc7376be6c9e82a3e9cc8987b64f '   itemscope=\"itemscope\" itemtype=\"https:\/\/schema.org\/CreativeWork\" ><div class='avia_textblock'  itemprop=\"text\" ><hr \/>\n<p><small><a href=\"http:\/\/golfkarkopen.be\/engels\/\">Elektrische Voertuigen<\/a> | <a href=\"http:\/\/golfkarkopen.be\/engels\/\">Elektrische Golfkarren<\/a> | <a href=\"http:\/\/golfkarkopen.be\/engels\/\">Golfkarren openbare weg<\/a> | <a href=\"http:\/\/golfkarkopen.be\/engels\/huur-een-elektrische-golfkar\/\">Golfkar kopen<\/a> | <a href=\"http:\/\/golfkarkopen.be\/engels\/huur-een-elektrische-golfkar\/\">LSV<\/a> | <a href=\"http:\/\/golfkarkopen.be\/engels\/event-verhuur\/\">Nummerplaat<\/a> | <a href=\"http:\/\/golfkarkopen.be\/engels\/contact\/\">Parkeerticket<\/a> | <a href=\"http:\/\/golfkarkopen.be\/engels\/\">Elektrisch rijden<\/a> | <a href=\"http:\/\/golfkarkopen.be\/engels\/huur-een-elektrische-golfkar\/\">CO2 uitstoot<\/a> | <a href=\"http:\/\/golfkarkopen.be\/engels\/event-verhuur\/\">DIV<\/a> | <a href=\"http:\/\/golfkarkopen.be\/engels\/event-verhuur\/\">belasting op inverkeerstelling<\/a> | <a href=\"http:\/\/golfkarkopen.be\/engels\/event-verhuur\/\">100% fiscaal aftrekbaar<\/a> | <a href=\"http:\/\/golfkarkopen.be\/engels\/huur-een-elektrische-golfkar\/\">Carrito de Golf<\/a> | <a href=\"http:\/\/golfkarkopen.be\/engels\/nederlands-kenteken\/\">Marbella<\/a> | <a href=\"http:\/\/golfkarkopen.be\/engels\/nederlands-kenteken\/\">Puerto Banus<\/a> | <a href=\"http:\/\/golfkarkopen.be\/engels\/event-verhuur\/\">Certificate of Conformity<\/a> | <a href=\"http:\/\/golfkarkopen.be\/engels\/huur-een-elektrische-golfkar\/\">Spanje<\/a> | <a href=\"http:\/\/golfkarkopen.be\/engels\/huur-een-elektrische-golfkar\/\">Duitsland<\/a> | <a href=\"http:\/\/golfkarkopen.be\/engels\/huur-een-elektrische-golfkar\/\">Tr\u00e1fico<\/a> | <a href=\"http:\/\/golfkarkopen.be\/engels\/event-verhuur\/\">TUV<\/a> | <a href=\"http:\/\/golfkarkopen.be\/engels\/\">Eurocarinvest<\/a> I <a href=\"http:\/\/golfkarkopen.be\/engels\/huur-een-elektrische-golfkar\/\">Invest-Mobile bvba<\/a> I <a href=\"http:\/\/golfkarkopen.be\/engels\/event-verhuur\/\">park-drive<\/a> I <a href=\"http:\/\/golfkarkopen.be\/engels\/event-verhuur\/\">Kentekengolfplaat golfkar<\/a> I <a href=\"http:\/\/golfkarkopen.be\/engels\/prijzen\/\">Gebruikte golfkarren<\/a> I <a href=\"http:\/\/golfkarkopen.be\/engels\/nederlands-kenteken\/\">LSV<\/a> I <a href=\"http:\/\/golfkarkopen.be\/engels\/nederlands-kenteken\/\">Low Speed Vehicle<\/a> I <a href=\"http:\/\/golfkarkopen.be\/engels\/\">Knokke-Heist<\/a> I <a href=\"http:\/\/golfkarkopen.be\/engels\/\">Fluisterkar<\/a> I <a href=\"http:\/\/golfkarkopen.be\/engels\/nederlands-kenteken\/\">Carrito de Golf<\/a> I <a href=\"http:\/\/golfkarkopen.be\/engels\/\">Rijden op straat<\/a> I <a href=\"http:\/\/golfkarkopen.be\/engels\/nederlands-kenteken\/\">Street legal golf carts<\/a> I <a href=\"http:\/\/golfkarkopen.be\/engels\/keuring-en-export\/\">inspecci\u00f3n t\u00e9cnica de veh\u00edculos<\/a><\/small><\/p>\n<\/div><\/section>\n","protected":false},"excerpt":{"rendered":"","protected":false},"author":1,"featured_media":0,"parent":0,"menu_order":0,"comment_status":"open","ping_status":"open","template":"","meta":{"footnotes":""},"yoast_head":"<!-- This site is optimized with the Yoast SEO plugin v22.0 - https:\/\/yoast.com\/wordpress\/plugins\/seo\/ -->\n<title>Golf cart on public roads | Golfkar kopen<\/title>\n<meta name=\"description\" content=\"Met een golfkar (golfwagen) mag u niet op de openbare weg rijden. Een golfkar voldoet niet aan de eisen van de Regeling voertuigen. Een golfkar met nummerplaat mag wel op de openbare weg. Rijden met een golfkar is fluisterstil en trendy en goedkoop golfkarren op de openbare weg. Ieder voertuig dat zich op de openbare weg begeeft, is verplicht een verzekering te nemen indien men deelneemt aan het verkeer. De huurprijs inclusief borgsom moet voldaan zijn v\u00f3\u00f3r het ingaan van de verhuurperiode anders worden de voertuigen niet afgeleverd door invest-mobile . Een golfkar is een elektrisch aangedreven wagen bestemd voor golfbanen. Alle elektrische golfkarren moeten dus voldoen aan de Europese regels voor het rijden op de openbare weg met nummerplaat.\" \/>\n<meta name=\"robots\" content=\"index, follow, max-snippet:-1, max-image-preview:large, max-video-preview:-1\" \/>\n<link rel=\"canonical\" href=\"https:\/\/golfkarkopen.be\/engels\/\" \/>\n<meta property=\"og:locale\" content=\"nl_NL\" \/>\n<meta property=\"og:type\" content=\"article\" \/>\n<meta property=\"og:title\" content=\"Golf cart on public roads | Golfkar kopen\" \/>\n<meta property=\"og:description\" content=\"Met een golfkar (golfwagen) mag u niet op de openbare weg rijden. Een golfkar voldoet niet aan de eisen van de Regeling voertuigen. Een golfkar met nummerplaat mag wel op de openbare weg. Rijden met een golfkar is fluisterstil en trendy en goedkoop golfkarren op de openbare weg. Ieder voertuig dat zich op de openbare weg begeeft, is verplicht een verzekering te nemen indien men deelneemt aan het verkeer. De huurprijs inclusief borgsom moet voldaan zijn v\u00f3\u00f3r het ingaan van de verhuurperiode anders worden de voertuigen niet afgeleverd door invest-mobile . Een golfkar is een elektrisch aangedreven wagen bestemd voor golfbanen. Alle elektrische golfkarren moeten dus voldoen aan de Europese regels voor het rijden op de openbare weg met nummerplaat.\" \/>\n<meta property=\"og:url\" content=\"https:\/\/golfkarkopen.be\/engels\/\" \/>\n<meta property=\"og:site_name\" content=\"Huurgolfkar.nl\" \/>\n<meta property=\"article:modified_time\" content=\"2017-04-07T14:49:03+00:00\" \/>\n<meta name=\"twitter:card\" content=\"summary_large_image\" \/>\n<meta name=\"twitter:label1\" content=\"Geschatte leestijd\" \/>\n\t<meta name=\"twitter:data1\" content=\"3 minuten\" \/>\n<script type=\"application\/ld+json\" class=\"yoast-schema-graph\">{\"@context\":\"https:\/\/schema.org\",\"@graph\":[{\"@type\":\"WebPage\",\"@id\":\"https:\/\/golfkarkopen.be\/engels\/\",\"url\":\"https:\/\/golfkarkopen.be\/engels\/\",\"name\":\"Golf cart on public roads | Golfkar kopen\",\"isPartOf\":{\"@id\":\"https:\/\/golfkarkopen.be\/engels\/#website\"},\"datePublished\":\"2015-04-30T11:53:19+00:00\",\"dateModified\":\"2017-04-07T14:49:03+00:00\",\"description\":\"Met een golfkar (golfwagen) mag u niet op de openbare weg rijden. Een golfkar voldoet niet aan de eisen van de Regeling voertuigen. Een golfkar met nummerplaat mag wel op de openbare weg. Rijden met een golfkar is fluisterstil en trendy en goedkoop golfkarren op de openbare weg. Ieder voertuig dat zich op de openbare weg begeeft, is verplicht een verzekering te nemen indien men deelneemt aan het verkeer. De huurprijs inclusief borgsom moet voldaan zijn v\u00f3\u00f3r het ingaan van de verhuurperiode anders worden de voertuigen niet afgeleverd door invest-mobile . Een golfkar is een elektrisch aangedreven wagen bestemd voor golfbanen. Alle elektrische golfkarren moeten dus voldoen aan de Europese regels voor het rijden op de openbare weg met nummerplaat.\",\"breadcrumb\":{\"@id\":\"https:\/\/golfkarkopen.be\/engels\/#breadcrumb\"},\"inLanguage\":\"nl-NL\",\"potentialAction\":[{\"@type\":\"ReadAction\",\"target\":[\"https:\/\/golfkarkopen.be\/engels\/\"]}]},{\"@type\":\"BreadcrumbList\",\"@id\":\"https:\/\/golfkarkopen.be\/engels\/#breadcrumb\",\"itemListElement\":[{\"@type\":\"ListItem\",\"position\":1,\"name\":\"Home\",\"item\":\"https:\/\/golfkarkopen.be\/engels\/\"},{\"@type\":\"ListItem\",\"position\":2,\"name\":\"Golf cart on public roads\"}]},{\"@type\":\"WebSite\",\"@id\":\"https:\/\/golfkarkopen.be\/engels\/#website\",\"url\":\"https:\/\/golfkarkopen.be\/engels\/\",\"name\":\"Huurgolfkar.nl\",\"description\":\"\",\"potentialAction\":[{\"@type\":\"SearchAction\",\"target\":{\"@type\":\"EntryPoint\",\"urlTemplate\":\"https:\/\/golfkarkopen.be\/engels\/?s={search_term_string}\"},\"query-input\":\"required name=search_term_string\"}],\"inLanguage\":\"nl-NL\"}]}<\/script>\n<!-- \/ Yoast SEO plugin. -->","yoast_head_json":{"title":"Golf cart on public roads | Golfkar kopen","description":"Met een golfkar (golfwagen) mag u niet op de openbare weg rijden. Een golfkar voldoet niet aan de eisen van de Regeling voertuigen. Een golfkar met nummerplaat mag wel op de openbare weg. Rijden met een golfkar is fluisterstil en trendy en goedkoop golfkarren op de openbare weg. Ieder voertuig dat zich op de openbare weg begeeft, is verplicht een verzekering te nemen indien men deelneemt aan het verkeer. De huurprijs inclusief borgsom moet voldaan zijn v\u00f3\u00f3r het ingaan van de verhuurperiode anders worden de voertuigen niet afgeleverd door invest-mobile . Een golfkar is een elektrisch aangedreven wagen bestemd voor golfbanen. Alle elektrische golfkarren moeten dus voldoen aan de Europese regels voor het rijden op de openbare weg met nummerplaat.","robots":{"index":"index","follow":"follow","max-snippet":"max-snippet:-1","max-image-preview":"max-image-preview:large","max-video-preview":"max-video-preview:-1"},"canonical":"https:\/\/golfkarkopen.be\/engels\/","og_locale":"nl_NL","og_type":"article","og_title":"Golf cart on public roads | Golfkar kopen","og_description":"Met een golfkar (golfwagen) mag u niet op de openbare weg rijden. Een golfkar voldoet niet aan de eisen van de Regeling voertuigen. Een golfkar met nummerplaat mag wel op de openbare weg. Rijden met een golfkar is fluisterstil en trendy en goedkoop golfkarren op de openbare weg. Ieder voertuig dat zich op de openbare weg begeeft, is verplicht een verzekering te nemen indien men deelneemt aan het verkeer. De huurprijs inclusief borgsom moet voldaan zijn v\u00f3\u00f3r het ingaan van de verhuurperiode anders worden de voertuigen niet afgeleverd door invest-mobile . Een golfkar is een elektrisch aangedreven wagen bestemd voor golfbanen. Alle elektrische golfkarren moeten dus voldoen aan de Europese regels voor het rijden op de openbare weg met nummerplaat.","og_url":"https:\/\/golfkarkopen.be\/engels\/","og_site_name":"Huurgolfkar.nl","article_modified_time":"2017-04-07T14:49:03+00:00","twitter_card":"summary_large_image","twitter_misc":{"Geschatte leestijd":"3 minuten"},"schema":{"@context":"https:\/\/schema.org","@graph":[{"@type":"WebPage","@id":"https:\/\/golfkarkopen.be\/engels\/","url":"https:\/\/golfkarkopen.be\/engels\/","name":"Golf cart on public roads | Golfkar kopen","isPartOf":{"@id":"https:\/\/golfkarkopen.be\/engels\/#website"},"datePublished":"2015-04-30T11:53:19+00:00","dateModified":"2017-04-07T14:49:03+00:00","description":"Met een golfkar (golfwagen) mag u niet op de openbare weg rijden. Een golfkar voldoet niet aan de eisen van de Regeling voertuigen. Een golfkar met nummerplaat mag wel op de openbare weg. Rijden met een golfkar is fluisterstil en trendy en goedkoop golfkarren op de openbare weg. Ieder voertuig dat zich op de openbare weg begeeft, is verplicht een verzekering te nemen indien men deelneemt aan het verkeer. De huurprijs inclusief borgsom moet voldaan zijn v\u00f3\u00f3r het ingaan van de verhuurperiode anders worden de voertuigen niet afgeleverd door invest-mobile . Een golfkar is een elektrisch aangedreven wagen bestemd voor golfbanen. Alle elektrische golfkarren moeten dus voldoen aan de Europese regels voor het rijden op de openbare weg met nummerplaat.","breadcrumb":{"@id":"https:\/\/golfkarkopen.be\/engels\/#breadcrumb"},"inLanguage":"nl-NL","potentialAction":[{"@type":"ReadAction","target":["https:\/\/golfkarkopen.be\/engels\/"]}]},{"@type":"BreadcrumbList","@id":"https:\/\/golfkarkopen.be\/engels\/#breadcrumb","itemListElement":[{"@type":"ListItem","position":1,"name":"Home","item":"https:\/\/golfkarkopen.be\/engels\/"},{"@type":"ListItem","position":2,"name":"Golf cart on public roads"}]},{"@type":"WebSite","@id":"https:\/\/golfkarkopen.be\/engels\/#website","url":"https:\/\/golfkarkopen.be\/engels\/","name":"Huurgolfkar.nl","description":"","potentialAction":[{"@type":"SearchAction","target":{"@type":"EntryPoint","urlTemplate":"https:\/\/golfkarkopen.be\/engels\/?s={search_term_string}"},"query-input":"required name=search_term_string"}],"inLanguage":"nl-NL"}]}},"_links":{"self":[{"href":"https:\/\/golfkarkopen.be\/engels\/wp-json\/wp\/v2\/pages\/4"}],"collection":[{"href":"https:\/\/golfkarkopen.be\/engels\/wp-json\/wp\/v2\/pages"}],"about":[{"href":"https:\/\/golfkarkopen.be\/engels\/wp-json\/wp\/v2\/types\/page"}],"author":[{"embeddable":true,"href":"https:\/\/golfkarkopen.be\/engels\/wp-json\/wp\/v2\/users\/1"}],"replies":[{"embeddable":true,"href":"https:\/\/golfkarkopen.be\/engels\/wp-json\/wp\/v2\/comments?post=4"}],"version-history":[{"count":23,"href":"https:\/\/golfkarkopen.be\/engels\/wp-json\/wp\/v2\/pages\/4\/revisions"}],"predecessor-version":[{"id":212,"href":"https:\/\/golfkarkopen.be\/engels\/wp-json\/wp\/v2\/pages\/4\/revisions\/212"}],"wp:attachment":[{"href":"https:\/\/golfkarkopen.be\/engels\/wp-json\/wp\/v2\/media?parent=4"}],"curies":[{"name":"wp","href":"https:\/\/api.w.org\/{rel}","templated":true}]}}